{"id":2557,"date":"2021-03-29T05:57:07","date_gmt":"2021-03-29T05:57:07","guid":{"rendered":"https:\/\/strotech.com.co\/?page_id=2557"},"modified":"2026-04-07T19:29:13","modified_gmt":"2026-04-07T19:29:13","slug":"quienes-somos","status":"publish","type":"page","link":"https:\/\/strotech.com.co\/en\/quienes-somos\/","title":{"rendered":"Nosotros"},"content":{"rendered":"<div data-elementor-type=\"wp-page\" data-elementor-id=\"2557\" class=\"elementor elementor-2557\">\n\t\t\t\t\t\t<section class=\"elementor-section elementor-top-section elementor-element elementor-element-a192044 elementor-section-full_width elementor-section-height-default elementor-section-height-default\" data-id=\"a192044\" data-element_type=\"section\" data-e-type=\"section\">\n\t\t\t\t\t\t\t<div class=\"elementor-background-overlay\"><\/div>\n\t\t\t\t\t\t\t<div class=\"elementor-container elementor-column-gap-default\">\n\t\t\t\t\t<div class=\"elementor-column elementor-col-100 elementor-top-column elementor-element elementor-element-1963f28\" data-id=\"1963f28\" data-element_type=\"column\" data-e-type=\"column\">\n\t\t\t<div class=\"elementor-widget-wrap elementor-element-populated\">\n\t\t\t\t\t\t<div class=\"elementor-element elementor-element-8f2cbf5 elementor-widget__width-initial elementor-widget elementor-widget-heading\" data-id=\"8f2cbf5\" data-element_type=\"widget\" data-e-type=\"widget\" data-widget_type=\"heading.default\">\n\t\t\t\t<div class=\"elementor-widget-container\">\n\t\t\t\t\t<h2 class=\"elementor-heading-title elementor-size-default\">NOSOTROS<\/h2>\t\t\t\t<\/div>\n\t\t\t\t<\/div>\n\t\t\t\t\t<\/div>\n\t\t<\/div>\n\t\t\t\t\t<\/div>\n\t\t<\/section>\n\t\t\t\t<section class=\"elementor-section elementor-top-section elementor-element elementor-element-fe63cef elementor-section-full_width elementor-section-height-default elementor-section-height-default\" data-id=\"fe63cef\" data-element_type=\"section\" data-e-type=\"section\" data-settings=\"{&quot;background_background&quot;:&quot;classic&quot;}\">\n\t\t\t\t\t\t<div class=\"elementor-container elementor-column-gap-no\">\n\t\t\t\t\t<div class=\"elementor-column elementor-col-50 elementor-top-column elementor-element elementor-element-519361c\" data-id=\"519361c\" data-element_type=\"column\" data-e-type=\"column\" data-settings=\"{&quot;background_background&quot;:&quot;classic&quot;}\">\n\t\t\t<div class=\"elementor-widget-wrap elementor-element-populated\">\n\t\t\t\t\t<div class=\"elementor-background-overlay\"><\/div>\n\t\t\t\t\t\t<div class=\"elementor-element elementor-element-096ccd0 elementor-widget elementor-widget-heading\" data-id=\"096ccd0\" data-element_type=\"widget\" data-e-type=\"widget\" data-widget_type=\"heading.default\">\n\t\t\t\t<div class=\"elementor-widget-container\">\n\t\t\t\t\t<h1 class=\"elementor-heading-title elementor-size-default\">M\u00e1s all\u00e1 del suministro<\/h1>\t\t\t\t<\/div>\n\t\t\t\t<\/div>\n\t\t\t\t<div class=\"elementor-element elementor-element-a0efb68 elementor-widget elementor-widget-heading\" data-id=\"a0efb68\" data-element_type=\"widget\" data-e-type=\"widget\" data-widget_type=\"heading.default\">\n\t\t\t\t<div class=\"elementor-widget-container\">\n\t\t\t\t\t<h1 class=\"elementor-heading-title elementor-size-default\">Una visi\u00f3n<br>transformadora<\/h1>\t\t\t\t<\/div>\n\t\t\t\t<\/div>\n\t\t\t\t<div class=\"elementor-element elementor-element-5a39c99 elementor-widget elementor-widget-text-editor\" data-id=\"5a39c99\" data-element_type=\"widget\" data-e-type=\"widget\" data-widget_type=\"text-editor.default\">\n\t\t\t\t<div class=\"elementor-widget-container\">\n\t\t\t\t\t\t\t\t\t<p>En <strong>Strotech S.A.S<\/strong> no solo dise\u00f1amos y fabricamos soluciones para el procesamiento de fluidos; construimos relaciones de confianza y largo plazo con nuestros clientes. Nuestra raz\u00f3n de ser es transformar necesidades complejas en soluciones eficientes, seguras y sostenibles, contribuyendo al desarrollo energ\u00e9tico e industrial del pa\u00eds.<\/p><p><strong>Nuestra visi\u00f3n\u00a0<\/strong>es clara: consolidarnos como la empresa l\u00edder con la mayor flota instalada de plantas y equipos en Colombia, respaldados por un equipo t\u00e9cnico altamente calificado y comprometido con la excelencia. Trabajamos cada dia guiados por una <strong>misi\u00f3n<\/strong> que impulsa la mejora continua, la protecci\u00f3n del medio ambiente y la innovaci\u00f3n como pilares fundamentales para el futuro de la industrial.<\/p><p>Con una infraestructura propia en Bogot\u00e1 y un enfoque en ingenier\u00eda aplicada, en <strong>Strotech\u00a0<\/strong>entendemos los desaf\u00edos del sector y respondemos con soluciones que generan valor real. Nos mueve la certeza de que, al hacer bien nuestro trabajo, impulsamos a la eficiencia, la sostenibilidad y el crecimiento de nuestros aliados.<\/p>\t\t\t\t\t\t\t\t<\/div>\n\t\t\t\t<\/div>\n\t\t\t\t\t<\/div>\n\t\t<\/div>\n\t\t\t\t<div class=\"elementor-column elementor-col-50 elementor-top-column elementor-element elementor-element-494cc6e\" data-id=\"494cc6e\" data-element_type=\"column\" data-e-type=\"column\" data-settings=\"{&quot;background_background&quot;:&quot;classic&quot;}\">\n\t\t\t<div class=\"elementor-widget-wrap elementor-element-populated\">\n\t\t\t\t\t\t<div class=\"elementor-element elementor-element-55d6266 elementor-widget__width-initial elementor-widget elementor-widget-image\" data-id=\"55d6266\" data-element_type=\"widget\" data-e-type=\"widget\" data-widget_type=\"image.default\">\n\t\t\t\t<div class=\"elementor-widget-container\">\n\t\t\t\t\t\t\t\t\t\t\t\t\t\t\t<img fetchpriority=\"high\" decoding=\"async\" width=\"633\" height=\"398\" src=\"https:\/\/strotech.com.co\/wp-content\/uploads\/2021\/04\/que_hacemos-home-e1621206601112.jpg\" class=\"attachment-full size-full wp-image-2744\" alt=\"\" srcset=\"https:\/\/strotech.com.co\/wp-content\/uploads\/2021\/04\/que_hacemos-home-e1621206601112.jpg 633w, https:\/\/strotech.com.co\/wp-content\/uploads\/2021\/04\/que_hacemos-home-e1621206601112-300x189.jpg 300w, https:\/\/strotech.com.co\/wp-content\/uploads\/2021\/04\/que_hacemos-home-e1621206601112-24x15.jpg 24w, https:\/\/strotech.com.co\/wp-content\/uploads\/2021\/04\/que_hacemos-home-e1621206601112-36x23.jpg 36w, https:\/\/strotech.com.co\/wp-content\/uploads\/2021\/04\/que_hacemos-home-e1621206601112-48x30.jpg 48w\" sizes=\"(max-width: 633px) 100vw, 633px\" \/>\t\t\t\t\t\t\t\t\t\t\t\t\t\t\t<\/div>\n\t\t\t\t<\/div>\n\t\t\t\t\t<\/div>\n\t\t<\/div>\n\t\t\t\t\t<\/div>\n\t\t<\/section>\n\t\t\t\t<section class=\"elementor-section elementor-top-section elementor-element elementor-element-0fef7d4 elementor-section-boxed elementor-section-height-default elementor-section-height-default\" data-id=\"0fef7d4\" data-element_type=\"section\" data-e-type=\"section\" data-settings=\"{&quot;background_background&quot;:&quot;classic&quot;}\">\n\t\t\t\t\t\t<div class=\"elementor-container elementor-column-gap-default\">\n\t\t\t\t\t<div class=\"elementor-column elementor-col-100 elementor-top-column elementor-element elementor-element-6c25bb6\" data-id=\"6c25bb6\" data-element_type=\"column\" data-e-type=\"column\" data-settings=\"{&quot;background_background&quot;:&quot;classic&quot;}\">\n\t\t\t<div class=\"elementor-widget-wrap elementor-element-populated\">\n\t\t\t\t\t\t<div class=\"elementor-element elementor-element-a521e04 elementor-widget elementor-widget-heading\" data-id=\"a521e04\" data-element_type=\"widget\" data-e-type=\"widget\" data-widget_type=\"heading.default\">\n\t\t\t\t<div class=\"elementor-widget-container\">\n\t\t\t\t\t<h2 class=\"elementor-heading-title elementor-size-default\">\u00bfC\u00f3mo trabajamos?<\/h2>\t\t\t\t<\/div>\n\t\t\t\t<\/div>\n\t\t\t\t<div class=\"elementor-element elementor-element-ac6c07b elementor-widget elementor-widget-image\" data-id=\"ac6c07b\" data-element_type=\"widget\" data-e-type=\"widget\" data-widget_type=\"image.default\">\n\t\t\t\t<div class=\"elementor-widget-container\">\n\t\t\t\t\t\t\t\t\t\t\t\t\t\t\t<img decoding=\"async\" width=\"1024\" height=\"718\" src=\"https:\/\/strotech.com.co\/wp-content\/uploads\/2026\/01\/Diagrama-como-trabajamos-Strotech-2-1024x718.png\" class=\"attachment-large size-large wp-image-3042\" alt=\"\" srcset=\"https:\/\/strotech.com.co\/wp-content\/uploads\/2026\/01\/Diagrama-como-trabajamos-Strotech-2-1024x718.png 1024w, https:\/\/strotech.com.co\/wp-content\/uploads\/2026\/01\/Diagrama-como-trabajamos-Strotech-2-300x210.png 300w, https:\/\/strotech.com.co\/wp-content\/uploads\/2026\/01\/Diagrama-como-trabajamos-Strotech-2-768x539.png 768w, https:\/\/strotech.com.co\/wp-content\/uploads\/2026\/01\/Diagrama-como-trabajamos-Strotech-2-18x12.png 18w, https:\/\/strotech.com.co\/wp-content\/uploads\/2026\/01\/Diagrama-como-trabajamos-Strotech-2-24x17.png 24w, https:\/\/strotech.com.co\/wp-content\/uploads\/2026\/01\/Diagrama-como-trabajamos-Strotech-2-36x25.png 36w, https:\/\/strotech.com.co\/wp-content\/uploads\/2026\/01\/Diagrama-como-trabajamos-Strotech-2-48x34.png 48w, https:\/\/strotech.com.co\/wp-content\/uploads\/2026\/01\/Diagrama-como-trabajamos-Strotech-2.png 1536w\" sizes=\"(max-width: 1024px) 100vw, 1024px\" \/>\t\t\t\t\t\t\t\t\t\t\t\t\t\t\t<\/div>\n\t\t\t\t<\/div>\n\t\t\t\t\t<\/div>\n\t\t<\/div>\n\t\t\t\t\t<\/div>\n\t\t<\/section>\n\t\t\t\t<section class=\"elementor-section elementor-top-section elementor-element elementor-element-d729d0c elementor-section-height-min-height elementor-section-boxed elementor-section-height-default elementor-section-items-middle\" data-id=\"d729d0c\" data-element_type=\"section\" data-e-type=\"section\" data-settings=\"{&quot;background_background&quot;:&quot;classic&quot;}\">\n\t\t\t\t\t\t\t<div class=\"elementor-background-overlay\"><\/div>\n\t\t\t\t\t\t\t<div class=\"elementor-container elementor-column-gap-wide\">\n\t\t\t\t\t<div class=\"elementor-column elementor-col-50 elementor-top-column elementor-element elementor-element-29ff59a\" data-id=\"29ff59a\" data-element_type=\"column\" data-e-type=\"column\" data-settings=\"{&quot;background_background&quot;:&quot;classic&quot;}\">\n\t\t\t<div class=\"elementor-widget-wrap elementor-element-populated\">\n\t\t\t\t\t\t<div class=\"elementor-element elementor-element-222cd65 elementor-widget__width-initial elementor-widget elementor-widget-heading\" data-id=\"222cd65\" data-element_type=\"widget\" data-e-type=\"widget\" data-widget_type=\"heading.default\">\n\t\t\t\t<div class=\"elementor-widget-container\">\n\t\t\t\t\t<h2 class=\"elementor-heading-title elementor-size-default\"><i>\u00bfPor qu\u00e9 elegir a<br><b>Strotech<\/b>?<\/i><\/h2>\t\t\t\t<\/div>\n\t\t\t\t<\/div>\n\t\t\t\t<div class=\"elementor-element elementor-element-b765070 elementor-widget__width-initial elementor-widget elementor-widget-text-editor\" data-id=\"b765070\" data-element_type=\"widget\" data-e-type=\"widget\" data-widget_type=\"text-editor.default\">\n\t\t\t\t<div class=\"elementor-widget-container\">\n\t\t\t\t\t\t\t\t\t<p>Somos m\u00e1s que un proveedor, integramos ingenier\u00eda, experiencia y compromiso para ofrecer soluciones que marca la diferencia.<\/p><p>Cada soluci\u00f3n busca proteger la vida, minimizar el impacto ambiental y cumplir rigurosamente con la normativa vigente.<\/p>\t\t\t\t\t\t\t\t<\/div>\n\t\t\t\t<\/div>\n\t\t\t\t\t<\/div>\n\t\t<\/div>\n\t\t\t\t<div class=\"elementor-column elementor-col-50 elementor-top-column elementor-element elementor-element-594c3c2\" data-id=\"594c3c2\" data-element_type=\"column\" data-e-type=\"column\">\n\t\t\t<div class=\"elementor-widget-wrap elementor-element-populated\">\n\t\t\t\t\t\t<div class=\"elementor-element elementor-element-fbbb7c7 elementor-widget__width-initial elementor-widget elementor-widget-accordion\" data-id=\"fbbb7c7\" data-element_type=\"widget\" data-e-type=\"widget\" data-widget_type=\"accordion.default\">\n\t\t\t\t<div class=\"elementor-widget-container\">\n\t\t\t\t\t\t\t<div class=\"elementor-accordion\">\n\t\t\t\t\t\t\t<div class=\"elementor-accordion-item\">\n\t\t\t\t\t<div id=\"elementor-tab-title-2631\" class=\"elementor-tab-title\" data-tab=\"1\" role=\"button\" aria-controls=\"elementor-tab-content-2631\" aria-expanded=\"false\">\n\t\t\t\t\t\t\t\t\t\t\t\t\t<span class=\"elementor-accordion-icon elementor-accordion-icon-right\" aria-hidden=\"true\">\n\t\t\t\t\t\t\t\t\t\t\t\t\t\t\t<span class=\"elementor-accordion-icon-closed\"><i class=\"fas fa-plus\"><\/i><\/span>\n\t\t\t\t\t\t\t\t<span class=\"elementor-accordion-icon-opened\"><i class=\"fas fa-minus\"><\/i><\/span>\n\t\t\t\t\t\t\t\t\t\t\t\t\t\t<\/span>\n\t\t\t\t\t\t\t\t\t\t\t\t<a class=\"elementor-accordion-title\" tabindex=\"0\">1. Experiencia y especializaci\u00f3n en sectores estrat\u00e9gicos<\/a>\n\t\t\t\t\t<\/div>\n\t\t\t\t\t<div id=\"elementor-tab-content-2631\" class=\"elementor-tab-content elementor-clearfix\" data-tab=\"1\" role=\"region\" aria-labelledby=\"elementor-tab-title-2631\"><p>Contamos con un profundo entendimiento de las din\u00e1micas, normativas y retos t\u00e9cnicos de los sectores oil &amp; gas, energ\u00eda e industria.<\/p><\/div>\n\t\t\t\t<\/div>\n\t\t\t\t\t\t\t<div class=\"elementor-accordion-item\">\n\t\t\t\t\t<div id=\"elementor-tab-title-2632\" class=\"elementor-tab-title\" data-tab=\"2\" role=\"button\" aria-controls=\"elementor-tab-content-2632\" aria-expanded=\"false\">\n\t\t\t\t\t\t\t\t\t\t\t\t\t<span class=\"elementor-accordion-icon elementor-accordion-icon-right\" aria-hidden=\"true\">\n\t\t\t\t\t\t\t\t\t\t\t\t\t\t\t<span class=\"elementor-accordion-icon-closed\"><i class=\"fas fa-plus\"><\/i><\/span>\n\t\t\t\t\t\t\t\t<span class=\"elementor-accordion-icon-opened\"><i class=\"fas fa-minus\"><\/i><\/span>\n\t\t\t\t\t\t\t\t\t\t\t\t\t\t<\/span>\n\t\t\t\t\t\t\t\t\t\t\t\t<a class=\"elementor-accordion-title\" tabindex=\"0\">2. Soluciones integrales de principio a fin<\/a>\n\t\t\t\t\t<\/div>\n\t\t\t\t\t<div id=\"elementor-tab-content-2632\" class=\"elementor-tab-content elementor-clearfix\" data-tab=\"2\" role=\"region\" aria-labelledby=\"elementor-tab-title-2632\"><div aria-hidden=\"true\" data-edge=\"true\">\u00a0<\/div><div><article dir=\"auto\" tabindex=\"-1\" data-turn-id=\"4775508a-3a63-4997-b703-b4584f6b92ab\" data-testid=\"conversation-turn-2\" data-scroll-anchor=\"true\" data-turn=\"assistant\"><div><div tabindex=\"-1\"><div><div dir=\"auto\" data-message-author-role=\"assistant\" data-message-id=\"93371ba1-f4ff-408c-a157-82ea0d677595\" data-message-model-slug=\"gpt-5-2\"><div><div><p data-start=\"0\" data-end=\"267\" data-is-last-node=\"\" data-is-only-node=\"\">Acompa\u00f1ando cada proyecto con tecnolog\u00eda, experiencia y soporte especializado, desde la planificaci\u00f3n hasta la implementaci\u00f3n y el mantenimiento, garantizando eficiencia, calidad y resultados confiables.<\/p><\/div><\/div><\/div><\/div><div>\u00a0<\/div><div><div>\u00a0<\/div><\/div><\/div><\/div><\/article><\/div><\/div>\n\t\t\t\t<\/div>\n\t\t\t\t\t\t\t<div class=\"elementor-accordion-item\">\n\t\t\t\t\t<div id=\"elementor-tab-title-2633\" class=\"elementor-tab-title\" data-tab=\"3\" role=\"button\" aria-controls=\"elementor-tab-content-2633\" aria-expanded=\"false\">\n\t\t\t\t\t\t\t\t\t\t\t\t\t<span class=\"elementor-accordion-icon elementor-accordion-icon-right\" aria-hidden=\"true\">\n\t\t\t\t\t\t\t\t\t\t\t\t\t\t\t<span class=\"elementor-accordion-icon-closed\"><i class=\"fas fa-plus\"><\/i><\/span>\n\t\t\t\t\t\t\t\t<span class=\"elementor-accordion-icon-opened\"><i class=\"fas fa-minus\"><\/i><\/span>\n\t\t\t\t\t\t\t\t\t\t\t\t\t\t<\/span>\n\t\t\t\t\t\t\t\t\t\t\t\t<a class=\"elementor-accordion-title\" tabindex=\"0\">3. Infraestructura y capacidad instalada de alto nivel<\/a>\n\t\t\t\t\t<\/div>\n\t\t\t\t\t<div id=\"elementor-tab-content-2633\" class=\"elementor-tab-content elementor-clearfix\" data-tab=\"3\" role=\"region\" aria-labelledby=\"elementor-tab-title-2633\"><p>Cuenta con infraestructura robusta y capacidad instalada de alto nivel, respaldadas por tecnolog\u00eda avanzada y talento especializado, que garantizan operaci\u00f3n eficiente, escalabilidad y cumplimiento de los m\u00e1s altos est\u00e1ndares de calidad.<\/p><\/div>\n\t\t\t\t<\/div>\n\t\t\t\t\t\t\t<div class=\"elementor-accordion-item\">\n\t\t\t\t\t<div id=\"elementor-tab-title-2634\" class=\"elementor-tab-title\" data-tab=\"4\" role=\"button\" aria-controls=\"elementor-tab-content-2634\" aria-expanded=\"false\">\n\t\t\t\t\t\t\t\t\t\t\t\t\t<span class=\"elementor-accordion-icon elementor-accordion-icon-right\" aria-hidden=\"true\">\n\t\t\t\t\t\t\t\t\t\t\t\t\t\t\t<span class=\"elementor-accordion-icon-closed\"><i class=\"fas fa-plus\"><\/i><\/span>\n\t\t\t\t\t\t\t\t<span class=\"elementor-accordion-icon-opened\"><i class=\"fas fa-minus\"><\/i><\/span>\n\t\t\t\t\t\t\t\t\t\t\t\t\t\t<\/span>\n\t\t\t\t\t\t\t\t\t\t\t\t<a class=\"elementor-accordion-title\" tabindex=\"0\">4. Soporte t\u00e9cnico y servicio posventa que garantiza continuidad<\/a>\n\t\t\t\t\t<\/div>\n\t\t\t\t\t<div id=\"elementor-tab-content-2634\" class=\"elementor-tab-content elementor-clearfix\" data-tab=\"4\" role=\"region\" aria-labelledby=\"elementor-tab-title-2634\"><p>Brindamos soporte t\u00e9cnico y servicio posventa especializado, asegurando continuidad operativa, respuesta oportuna y acompa\u00f1amiento permanente para maximizar el desempe\u00f1o y la confiabilidad de cada soluci\u00f3n implementada.<\/p><\/div>\n\t\t\t\t<\/div>\n\t\t\t\t\t\t\t\t<\/div>\n\t\t\t\t\t\t<\/div>\n\t\t\t\t<\/div>\n\t\t\t\t\t<\/div>\n\t\t<\/div>\n\t\t\t\t\t<\/div>\n\t\t<\/section>\n\t\t\t\t<\/div>","protected":false},"excerpt":{"rendered":"<p>Somos una compa\u00f1\u00eda de suministro de bienes y servicios, enfocada en el desarrollo de soluciones para el procesamiento de fluidos como gases, agua, petr\u00f3leo<\/p>","protected":false},"author":1,"featured_media":0,"parent":0,"menu_order":0,"comment_status":"closed","ping_status":"closed","template":"elementor_header_footer","meta":{"footnotes":""},"class_list":["post-2557","page","type-page","status-publish","hentry"],"yoast_head":"<!-- This site is optimized with the Yoast SEO plugin v27.3 - https:\/\/yoast.com\/product\/yoast-seo-wordpress\/ -->\n<title>Nosotros - Strotech<\/title>\n<meta name=\"robots\" content=\"index, follow, max-snippet:-1, max-image-preview:large, max-video-preview:-1\" \/>\n<link rel=\"canonical\" href=\"https:\/\/strotech.com.co\/en\/quienes-somos\/\" \/>\n<meta property=\"og:locale\" content=\"en_US\" \/>\n<meta property=\"og:type\" content=\"article\" \/>\n<meta property=\"og:title\" content=\"Nosotros - Strotech\" \/>\n<meta property=\"og:description\" content=\"Somos una compa\u00f1\u00eda de suministro de bienes y servicios, enfocada en el desarrollo de soluciones para el procesamiento de fluidos como gases, agua, petr\u00f3leo\" \/>\n<meta property=\"og:url\" content=\"https:\/\/strotech.com.co\/en\/quienes-somos\/\" \/>\n<meta property=\"og:site_name\" content=\"Strotech\" \/>\n<meta property=\"article:modified_time\" content=\"2026-04-07T19:29:13+00:00\" \/>\n<meta property=\"og:image\" content=\"https:\/\/strotech.com.co\/wp-content\/uploads\/2021\/04\/que_hacemos-home-e1621206601112.jpg\" \/>\n\t<meta property=\"og:image:width\" content=\"633\" \/>\n\t<meta property=\"og:image:height\" content=\"398\" \/>\n\t<meta property=\"og:image:type\" content=\"image\/jpeg\" \/>\n<meta name=\"twitter:card\" content=\"summary_large_image\" \/>\n<meta name=\"twitter:label1\" content=\"Est. reading time\" \/>\n\t<meta name=\"twitter:data1\" content=\"2 minutes\" \/>\n<script type=\"application\/ld+json\" class=\"yoast-schema-graph\">{\"@context\":\"https:\\\/\\\/schema.org\",\"@graph\":[{\"@type\":\"WebPage\",\"@id\":\"https:\\\/\\\/strotech.com.co\\\/quienes-somos\\\/\",\"url\":\"https:\\\/\\\/strotech.com.co\\\/quienes-somos\\\/\",\"name\":\"Nosotros - Strotech\",\"isPartOf\":{\"@id\":\"https:\\\/\\\/strotech.com.co\\\/#website\"},\"primaryImageOfPage\":{\"@id\":\"https:\\\/\\\/strotech.com.co\\\/quienes-somos\\\/#primaryimage\"},\"image\":{\"@id\":\"https:\\\/\\\/strotech.com.co\\\/quienes-somos\\\/#primaryimage\"},\"thumbnailUrl\":\"https:\\\/\\\/strotech.com.co\\\/wp-content\\\/uploads\\\/2021\\\/04\\\/que_hacemos-home-e1621206601112.jpg\",\"datePublished\":\"2021-03-29T05:57:07+00:00\",\"dateModified\":\"2026-04-07T19:29:13+00:00\",\"breadcrumb\":{\"@id\":\"https:\\\/\\\/strotech.com.co\\\/quienes-somos\\\/#breadcrumb\"},\"inLanguage\":\"en-US\",\"potentialAction\":[{\"@type\":\"ReadAction\",\"target\":[\"https:\\\/\\\/strotech.com.co\\\/quienes-somos\\\/\"]}]},{\"@type\":\"ImageObject\",\"inLanguage\":\"en-US\",\"@id\":\"https:\\\/\\\/strotech.com.co\\\/quienes-somos\\\/#primaryimage\",\"url\":\"https:\\\/\\\/strotech.com.co\\\/wp-content\\\/uploads\\\/2021\\\/04\\\/que_hacemos-home-e1621206601112.jpg\",\"contentUrl\":\"https:\\\/\\\/strotech.com.co\\\/wp-content\\\/uploads\\\/2021\\\/04\\\/que_hacemos-home-e1621206601112.jpg\"},{\"@type\":\"BreadcrumbList\",\"@id\":\"https:\\\/\\\/strotech.com.co\\\/quienes-somos\\\/#breadcrumb\",\"itemListElement\":[{\"@type\":\"ListItem\",\"position\":1,\"name\":\"Home\",\"item\":\"https:\\\/\\\/strotech.com.co\\\/\"},{\"@type\":\"ListItem\",\"position\":2,\"name\":\"Nosotros\"}]},{\"@type\":\"WebSite\",\"@id\":\"https:\\\/\\\/strotech.com.co\\\/#website\",\"url\":\"https:\\\/\\\/strotech.com.co\\\/\",\"name\":\"Strotech\",\"description\":\"\",\"publisher\":{\"@id\":\"https:\\\/\\\/strotech.com.co\\\/#organization\"},\"potentialAction\":[{\"@type\":\"SearchAction\",\"target\":{\"@type\":\"EntryPoint\",\"urlTemplate\":\"https:\\\/\\\/strotech.com.co\\\/?s={search_term_string}\"},\"query-input\":{\"@type\":\"PropertyValueSpecification\",\"valueRequired\":true,\"valueName\":\"search_term_string\"}}],\"inLanguage\":\"en-US\"},{\"@type\":\"Organization\",\"@id\":\"https:\\\/\\\/strotech.com.co\\\/#organization\",\"name\":\"Strotech\",\"url\":\"https:\\\/\\\/strotech.com.co\\\/\",\"logo\":{\"@type\":\"ImageObject\",\"inLanguage\":\"en-US\",\"@id\":\"https:\\\/\\\/strotech.com.co\\\/#\\\/schema\\\/logo\\\/image\\\/\",\"url\":\"https:\\\/\\\/strotech.com.co\\\/wp-content\\\/uploads\\\/2021\\\/03\\\/cropped-logo.png\",\"contentUrl\":\"https:\\\/\\\/strotech.com.co\\\/wp-content\\\/uploads\\\/2021\\\/03\\\/cropped-logo.png\",\"width\":200,\"height\":71,\"caption\":\"Strotech\"},\"image\":{\"@id\":\"https:\\\/\\\/strotech.com.co\\\/#\\\/schema\\\/logo\\\/image\\\/\"}}]}<\/script>\n<!-- \/ Yoast SEO plugin. -->","yoast_head_json":{"title":"Nosotros - Strotech","robots":{"index":"index","follow":"follow","max-snippet":"max-snippet:-1","max-image-preview":"max-image-preview:large","max-video-preview":"max-video-preview:-1"},"canonical":"https:\/\/strotech.com.co\/en\/quienes-somos\/","og_locale":"en_US","og_type":"article","og_title":"Nosotros - Strotech","og_description":"Somos una compa\u00f1\u00eda de suministro de bienes y servicios, enfocada en el desarrollo de soluciones para el procesamiento de fluidos como gases, agua, petr\u00f3leo","og_url":"https:\/\/strotech.com.co\/en\/quienes-somos\/","og_site_name":"Strotech","article_modified_time":"2026-04-07T19:29:13+00:00","og_image":[{"width":633,"height":398,"url":"https:\/\/strotech.com.co\/wp-content\/uploads\/2021\/04\/que_hacemos-home-e1621206601112.jpg","type":"image\/jpeg"}],"twitter_card":"summary_large_image","twitter_misc":{"Est. reading time":"2 minutes"},"schema":{"@context":"https:\/\/schema.org","@graph":[{"@type":"WebPage","@id":"https:\/\/strotech.com.co\/quienes-somos\/","url":"https:\/\/strotech.com.co\/quienes-somos\/","name":"Nosotros - Strotech","isPartOf":{"@id":"https:\/\/strotech.com.co\/#website"},"primaryImageOfPage":{"@id":"https:\/\/strotech.com.co\/quienes-somos\/#primaryimage"},"image":{"@id":"https:\/\/strotech.com.co\/quienes-somos\/#primaryimage"},"thumbnailUrl":"https:\/\/strotech.com.co\/wp-content\/uploads\/2021\/04\/que_hacemos-home-e1621206601112.jpg","datePublished":"2021-03-29T05:57:07+00:00","dateModified":"2026-04-07T19:29:13+00:00","breadcrumb":{"@id":"https:\/\/strotech.com.co\/quienes-somos\/#breadcrumb"},"inLanguage":"en-US","potentialAction":[{"@type":"ReadAction","target":["https:\/\/strotech.com.co\/quienes-somos\/"]}]},{"@type":"ImageObject","inLanguage":"en-US","@id":"https:\/\/strotech.com.co\/quienes-somos\/#primaryimage","url":"https:\/\/strotech.com.co\/wp-content\/uploads\/2021\/04\/que_hacemos-home-e1621206601112.jpg","contentUrl":"https:\/\/strotech.com.co\/wp-content\/uploads\/2021\/04\/que_hacemos-home-e1621206601112.jpg"},{"@type":"BreadcrumbList","@id":"https:\/\/strotech.com.co\/quienes-somos\/#breadcrumb","itemListElement":[{"@type":"ListItem","position":1,"name":"Home","item":"https:\/\/strotech.com.co\/"},{"@type":"ListItem","position":2,"name":"Nosotros"}]},{"@type":"WebSite","@id":"https:\/\/strotech.com.co\/#website","url":"https:\/\/strotech.com.co\/","name":"Strotech","description":"","publisher":{"@id":"https:\/\/strotech.com.co\/#organization"},"potentialAction":[{"@type":"SearchAction","target":{"@type":"EntryPoint","urlTemplate":"https:\/\/strotech.com.co\/?s={search_term_string}"},"query-input":{"@type":"PropertyValueSpecification","valueRequired":true,"valueName":"search_term_string"}}],"inLanguage":"en-US"},{"@type":"Organization","@id":"https:\/\/strotech.com.co\/#organization","name":"Strotech","url":"https:\/\/strotech.com.co\/","logo":{"@type":"ImageObject","inLanguage":"en-US","@id":"https:\/\/strotech.com.co\/#\/schema\/logo\/image\/","url":"https:\/\/strotech.com.co\/wp-content\/uploads\/2021\/03\/cropped-logo.png","contentUrl":"https:\/\/strotech.com.co\/wp-content\/uploads\/2021\/03\/cropped-logo.png","width":200,"height":71,"caption":"Strotech"},"image":{"@id":"https:\/\/strotech.com.co\/#\/schema\/logo\/image\/"}}]}},"_links":{"self":[{"href":"https:\/\/strotech.com.co\/en\/wp-json\/wp\/v2\/pages\/2557","targetHints":{"allow":["GET"]}}],"collection":[{"href":"https:\/\/strotech.com.co\/en\/wp-json\/wp\/v2\/pages"}],"about":[{"href":"https:\/\/strotech.com.co\/en\/wp-json\/wp\/v2\/types\/page"}],"author":[{"embeddable":true,"href":"https:\/\/strotech.com.co\/en\/wp-json\/wp\/v2\/users\/1"}],"replies":[{"embeddable":true,"href":"https:\/\/strotech.com.co\/en\/wp-json\/wp\/v2\/comments?post=2557"}],"version-history":[{"count":5,"href":"https:\/\/strotech.com.co\/en\/wp-json\/wp\/v2\/pages\/2557\/revisions"}],"predecessor-version":[{"id":3372,"href":"https:\/\/strotech.com.co\/en\/wp-json\/wp\/v2\/pages\/2557\/revisions\/3372"}],"wp:attachment":[{"href":"https:\/\/strotech.com.co\/en\/wp-json\/wp\/v2\/media?parent=2557"}],"curies":[{"name":"wp","href":"https:\/\/api.w.org\/{rel}","templated":true}]}}