{"id":2801,"date":"2021-04-22T00:25:11","date_gmt":"2021-04-22T00:25:11","guid":{"rendered":"https:\/\/strotech.com.co\/?page_id=2801"},"modified":"2021-12-29T23:11:54","modified_gmt":"2021-12-29T23:11:54","slug":"sistemas-de-control-y-potencia","status":"publish","type":"page","link":"https:\/\/strotech.com.co\/en\/sistemas-de-control-y-potencia\/","title":{"rendered":"SISTEMAS DE CONTROL Y POTENCIA"},"content":{"rendered":"<div data-elementor-type=\"wp-page\" data-elementor-id=\"2801\" class=\"elementor elementor-2801\">\n\t\t\t\t\t\t<section class=\"elementor-section elementor-top-section elementor-element elementor-element-9021234 elementor-section-boxed elementor-section-height-default elementor-section-height-default\" data-id=\"9021234\" data-element_type=\"section\" data-e-type=\"section\" data-settings=\"{&quot;background_background&quot;:&quot;classic&quot;}\">\n\t\t\t\t\t\t\t<div class=\"elementor-background-overlay\"><\/div>\n\t\t\t\t\t\t\t<div class=\"elementor-container elementor-column-gap-default\">\n\t\t\t\t\t<div class=\"elementor-column elementor-col-100 elementor-top-column elementor-element elementor-element-b093c4a\" data-id=\"b093c4a\" data-element_type=\"column\" data-e-type=\"column\">\n\t\t\t<div class=\"elementor-widget-wrap elementor-element-populated\">\n\t\t\t\t\t\t<div class=\"elementor-element elementor-element-ae1306f elementor-widget elementor-widget-heading\" data-id=\"ae1306f\" data-element_type=\"widget\" data-e-type=\"widget\" data-widget_type=\"heading.default\">\n\t\t\t\t<div class=\"elementor-widget-container\">\n\t\t\t\t\t<h1 class=\"elementor-heading-title elementor-size-default\">SISTEMAS DE CONTROL Y POTENCIA<\/h1>\t\t\t\t<\/div>\n\t\t\t\t<\/div>\n\t\t\t\t\t<\/div>\n\t\t<\/div>\n\t\t\t\t\t<\/div>\n\t\t<\/section>\n\t\t\t\t<section class=\"elementor-section elementor-top-section elementor-element elementor-element-911dfae elementor-section-boxed elementor-section-height-default elementor-section-height-default\" data-id=\"911dfae\" data-element_type=\"section\" data-e-type=\"section\" data-settings=\"{&quot;background_background&quot;:&quot;classic&quot;}\">\n\t\t\t\t\t\t<div class=\"elementor-container elementor-column-gap-default\">\n\t\t\t\t\t<div class=\"elementor-column elementor-col-100 elementor-top-column elementor-element elementor-element-9c58346\" data-id=\"9c58346\" data-element_type=\"column\" data-e-type=\"column\">\n\t\t\t<div class=\"elementor-widget-wrap elementor-element-populated\">\n\t\t\t\t\t\t<div class=\"elementor-element elementor-element-c19f24a elementor-widget elementor-widget-gallery\" data-id=\"c19f24a\" data-element_type=\"widget\" data-e-type=\"widget\" data-widget_type=\"gallery.default\">\n\t\t\t\t<div class=\"elementor-widget-container\">\n\t\t\t\t\t \t\t\t\t<\/div>\n\t\t\t\t<\/div>\n\t\t\t\t\t<\/div>\n\t\t<\/div>\n\t\t\t\t\t<\/div>\n\t\t<\/section>\n\t\t\t\t<section class=\"elementor-section elementor-top-section elementor-element elementor-element-43a78b6 elementor-section-boxed elementor-section-height-default elementor-section-height-default\" data-id=\"43a78b6\" data-element_type=\"section\" data-e-type=\"section\" data-settings=\"{&quot;background_background&quot;:&quot;classic&quot;}\">\n\t\t\t\t\t\t<div class=\"elementor-container elementor-column-gap-default\">\n\t\t\t\t\t<div class=\"elementor-column elementor-col-100 elementor-top-column elementor-element elementor-element-fecb023\" data-id=\"fecb023\" data-element_type=\"column\" data-e-type=\"column\">\n\t\t\t<div class=\"elementor-widget-wrap elementor-element-populated\">\n\t\t\t\t\t\t<div class=\"elementor-element elementor-element-fed278e elementor-widget elementor-widget-text-editor\" data-id=\"fed278e\" data-element_type=\"widget\" data-e-type=\"widget\" data-widget_type=\"text-editor.default\">\n\t\t\t\t<div class=\"elementor-widget-container\">\n\t\t\t\t\t\t\t\t\t<p style=\"color: #ffffff;\">Los sistemas de control y potencia son dise\u00f1ados y fabricados con altos est\u00e1ndares de presentaci\u00f3n, calidad y eficiencia, de acuerdo a las normas establecidas, integrando componentes de las mejores marcas con las cuales tenemos estrecha relaci\u00f3n t\u00e9cnica y administrativa. Contamos con Certificaci\u00f3n RETIE para la fabricaci\u00f3n de tableros de control para \u00e1reas clasificadas, lo que nos convierte en pioneros en la implementaci\u00f3n de soluciones certificadas en control de procesos industriales.<\/p><p style=\"color: #ffffff;\"><br \/>Nuestras soluciones se dise\u00f1an con base en los objetivos establecidos en la planeaci\u00f3n de los equipos, administrando eficientemente la cantidad de informaci\u00f3n que se genera en el trabajo diario. Nuestros sistemas de control y potencia son programados con fuerte estabilidad, facilidad de uso para los operadores y cumpliendo con las normas de seguridad que ayuden en la protecci\u00f3n de las personas, los equipos y las empresas.<\/p><p style=\"color: #ffffff;\"><br \/>Dentro de nuestro portafolio, ofrecemos el dise\u00f1o y fabricaci\u00f3n de las siguientes soluciones para baja tensi\u00f3n: Tableros de control, tableros de variadores, Tableros el\u00e9ctricos de potencia y distribuci\u00f3n y Tableros de transferencias autom\u00e1ticas.<\/p>\t\t\t\t\t\t\t\t<\/div>\n\t\t\t\t<\/div>\n\t\t\t\t\t<\/div>\n\t\t<\/div>\n\t\t\t\t\t<\/div>\n\t\t<\/section>\n\t\t\t\t<section class=\"elementor-section elementor-top-section elementor-element elementor-element-56167d0 elementor-section-boxed elementor-section-height-default elementor-section-height-default\" data-id=\"56167d0\" data-element_type=\"section\" data-e-type=\"section\" data-settings=\"{&quot;background_background&quot;:&quot;classic&quot;}\">\n\t\t\t\t\t\t<div class=\"elementor-container elementor-column-gap-default\">\n\t\t\t\t\t<div class=\"elementor-column elementor-col-25 elementor-top-column elementor-element elementor-element-e962f0a\" data-id=\"e962f0a\" data-element_type=\"column\" data-e-type=\"column\">\n\t\t\t<div class=\"elementor-widget-wrap elementor-element-populated\">\n\t\t\t\t\t\t<div class=\"elementor-element elementor-element-16fce12 elementor-view-framed elementor-shape-circle elementor-widget elementor-widget-icon\" data-id=\"16fce12\" data-element_type=\"widget\" data-e-type=\"widget\" data-widget_type=\"icon.default\">\n\t\t\t\t<div class=\"elementor-widget-container\">\n\t\t\t\t\t\t\t<div class=\"elementor-icon-wrapper\">\n\t\t\t<div class=\"elementor-icon\">\n\t\t\t<i aria-hidden=\"true\" class=\"fas fa-table\"><\/i>\t\t\t<\/div>\n\t\t<\/div>\n\t\t\t\t\t\t<\/div>\n\t\t\t\t<\/div>\n\t\t\t\t<div class=\"elementor-element elementor-element-ef264a1 elementor-widget elementor-widget-heading\" data-id=\"ef264a1\" data-element_type=\"widget\" data-e-type=\"widget\" data-widget_type=\"heading.default\">\n\t\t\t\t<div class=\"elementor-widget-container\">\n\t\t\t\t\t<h5 class=\"elementor-heading-title elementor-size-default\">Tableros de control\n<\/h5>\t\t\t\t<\/div>\n\t\t\t\t<\/div>\n\t\t\t\t\t<\/div>\n\t\t<\/div>\n\t\t\t\t<div class=\"elementor-column elementor-col-25 elementor-top-column elementor-element elementor-element-4272b1f\" data-id=\"4272b1f\" data-element_type=\"column\" data-e-type=\"column\">\n\t\t\t<div class=\"elementor-widget-wrap elementor-element-populated\">\n\t\t\t\t\t\t<div class=\"elementor-element elementor-element-6363ee8 elementor-view-framed elementor-shape-circle elementor-widget elementor-widget-icon\" data-id=\"6363ee8\" data-element_type=\"widget\" data-e-type=\"widget\" data-widget_type=\"icon.default\">\n\t\t\t\t<div class=\"elementor-widget-container\">\n\t\t\t\t\t\t\t<div class=\"elementor-icon-wrapper\">\n\t\t\t<div class=\"elementor-icon\">\n\t\t\t<i aria-hidden=\"true\" class=\"fas fa-tablets\"><\/i>\t\t\t<\/div>\n\t\t<\/div>\n\t\t\t\t\t\t<\/div>\n\t\t\t\t<\/div>\n\t\t\t\t<div class=\"elementor-element elementor-element-3af74cc elementor-widget elementor-widget-heading\" data-id=\"3af74cc\" data-element_type=\"widget\" data-e-type=\"widget\" data-widget_type=\"heading.default\">\n\t\t\t\t<div class=\"elementor-widget-container\">\n\t\t\t\t\t<h5 class=\"elementor-heading-title elementor-size-default\">Tableros de variadores <\/h5>\t\t\t\t<\/div>\n\t\t\t\t<\/div>\n\t\t\t\t\t<\/div>\n\t\t<\/div>\n\t\t\t\t<div class=\"elementor-column elementor-col-25 elementor-top-column elementor-element elementor-element-ead23e8\" data-id=\"ead23e8\" data-element_type=\"column\" data-e-type=\"column\">\n\t\t\t<div class=\"elementor-widget-wrap elementor-element-populated\">\n\t\t\t\t\t\t<div class=\"elementor-element elementor-element-6636655 elementor-view-framed elementor-shape-circle elementor-widget elementor-widget-icon\" data-id=\"6636655\" data-element_type=\"widget\" data-e-type=\"widget\" data-widget_type=\"icon.default\">\n\t\t\t\t<div class=\"elementor-widget-container\">\n\t\t\t\t\t\t\t<div class=\"elementor-icon-wrapper\">\n\t\t\t<div class=\"elementor-icon\">\n\t\t\t<i aria-hidden=\"true\" class=\"fas fa-tachometer-alt\"><\/i>\t\t\t<\/div>\n\t\t<\/div>\n\t\t\t\t\t\t<\/div>\n\t\t\t\t<\/div>\n\t\t\t\t<div class=\"elementor-element elementor-element-6ecd850 elementor-widget elementor-widget-heading\" data-id=\"6ecd850\" data-element_type=\"widget\" data-e-type=\"widget\" data-widget_type=\"heading.default\">\n\t\t\t\t<div class=\"elementor-widget-container\">\n\t\t\t\t\t<h5 class=\"elementor-heading-title elementor-size-default\">Tableros el\u00e9ctricos de Potencia y Distribuci\u00f3n<\/h5>\t\t\t\t<\/div>\n\t\t\t\t<\/div>\n\t\t\t\t\t<\/div>\n\t\t<\/div>\n\t\t\t\t<div class=\"elementor-column elementor-col-25 elementor-top-column elementor-element elementor-element-6d0c918\" data-id=\"6d0c918\" data-element_type=\"column\" data-e-type=\"column\">\n\t\t\t<div class=\"elementor-widget-wrap elementor-element-populated\">\n\t\t\t\t\t\t<div class=\"elementor-element elementor-element-0680e63 elementor-view-framed elementor-shape-circle elementor-widget elementor-widget-icon\" data-id=\"0680e63\" data-element_type=\"widget\" data-e-type=\"widget\" data-widget_type=\"icon.default\">\n\t\t\t\t<div class=\"elementor-widget-container\">\n\t\t\t\t\t\t\t<div class=\"elementor-icon-wrapper\">\n\t\t\t<div class=\"elementor-icon\">\n\t\t\t<i aria-hidden=\"true\" class=\"fas fa-th\"><\/i>\t\t\t<\/div>\n\t\t<\/div>\n\t\t\t\t\t\t<\/div>\n\t\t\t\t<\/div>\n\t\t\t\t<div class=\"elementor-element elementor-element-d7780ac elementor-widget elementor-widget-heading\" data-id=\"d7780ac\" data-element_type=\"widget\" data-e-type=\"widget\" data-widget_type=\"heading.default\">\n\t\t\t\t<div class=\"elementor-widget-container\">\n\t\t\t\t\t<h5 class=\"elementor-heading-title elementor-size-default\">Tableros de transferencias autom\u00e1ticas\n<\/h5>\t\t\t\t<\/div>\n\t\t\t\t<\/div>\n\t\t\t\t\t<\/div>\n\t\t<\/div>\n\t\t\t\t\t<\/div>\n\t\t<\/section>\n\t\t\t\t<\/div>","protected":false},"excerpt":{"rendered":"<p>SISTEMAS DE CONTROL Y POTENCIA Los sistemas de control y potencia son dise\u00f1ados y fabricados [&hellip;]<\/p>\n","protected":false},"author":1,"featured_media":0,"parent":0,"menu_order":0,"comment_status":"closed","ping_status":"closed","template":"elementor_header_footer","meta":{"footnotes":""},"class_list":["post-2801","page","type-page","status-publish","hentry"],"yoast_head":"<!-- This site is optimized with the Yoast SEO plugin v27.3 - https:\/\/yoast.com\/product\/yoast-seo-wordpress\/ -->\n<title>SISTEMAS DE CONTROL Y POTENCIA - Strotech<\/title>\n<meta name=\"robots\" content=\"index, follow, max-snippet:-1, max-image-preview:large, max-video-preview:-1\" \/>\n<link rel=\"canonical\" href=\"https:\/\/strotech.com.co\/en\/sistemas-de-control-y-potencia\/\" \/>\n<meta property=\"og:locale\" content=\"en_US\" \/>\n<meta property=\"og:type\" content=\"article\" \/>\n<meta property=\"og:title\" content=\"SISTEMAS DE CONTROL Y POTENCIA - Strotech\" \/>\n<meta property=\"og:description\" content=\"SISTEMAS DE CONTROL Y POTENCIA Los sistemas de control y potencia son dise\u00f1ados y fabricados [&hellip;]\" \/>\n<meta property=\"og:url\" content=\"https:\/\/strotech.com.co\/en\/sistemas-de-control-y-potencia\/\" \/>\n<meta property=\"og:site_name\" content=\"Strotech\" \/>\n<meta property=\"article:modified_time\" content=\"2021-12-29T23:11:54+00:00\" \/>\n<meta name=\"twitter:card\" content=\"summary_large_image\" \/>\n<meta name=\"twitter:label1\" content=\"Est. reading time\" \/>\n\t<meta name=\"twitter:data1\" content=\"1 minute\" \/>\n<script type=\"application\/ld+json\" class=\"yoast-schema-graph\">{\"@context\":\"https:\\\/\\\/schema.org\",\"@graph\":[{\"@type\":\"WebPage\",\"@id\":\"https:\\\/\\\/strotech.com.co\\\/sistemas-de-control-y-potencia\\\/\",\"url\":\"https:\\\/\\\/strotech.com.co\\\/sistemas-de-control-y-potencia\\\/\",\"name\":\"SISTEMAS DE CONTROL Y POTENCIA - Strotech\",\"isPartOf\":{\"@id\":\"https:\\\/\\\/strotech.com.co\\\/#website\"},\"datePublished\":\"2021-04-22T00:25:11+00:00\",\"dateModified\":\"2021-12-29T23:11:54+00:00\",\"breadcrumb\":{\"@id\":\"https:\\\/\\\/strotech.com.co\\\/sistemas-de-control-y-potencia\\\/#breadcrumb\"},\"inLanguage\":\"en-US\",\"potentialAction\":[{\"@type\":\"ReadAction\",\"target\":[\"https:\\\/\\\/strotech.com.co\\\/sistemas-de-control-y-potencia\\\/\"]}]},{\"@type\":\"BreadcrumbList\",\"@id\":\"https:\\\/\\\/strotech.com.co\\\/sistemas-de-control-y-potencia\\\/#breadcrumb\",\"itemListElement\":[{\"@type\":\"ListItem\",\"position\":1,\"name\":\"Home\",\"item\":\"https:\\\/\\\/strotech.com.co\\\/\"},{\"@type\":\"ListItem\",\"position\":2,\"name\":\"SISTEMAS DE CONTROL Y POTENCIA\"}]},{\"@type\":\"WebSite\",\"@id\":\"https:\\\/\\\/strotech.com.co\\\/#website\",\"url\":\"https:\\\/\\\/strotech.com.co\\\/\",\"name\":\"Strotech\",\"description\":\"\",\"publisher\":{\"@id\":\"https:\\\/\\\/strotech.com.co\\\/#organization\"},\"potentialAction\":[{\"@type\":\"SearchAction\",\"target\":{\"@type\":\"EntryPoint\",\"urlTemplate\":\"https:\\\/\\\/strotech.com.co\\\/?s={search_term_string}\"},\"query-input\":{\"@type\":\"PropertyValueSpecification\",\"valueRequired\":true,\"valueName\":\"search_term_string\"}}],\"inLanguage\":\"en-US\"},{\"@type\":\"Organization\",\"@id\":\"https:\\\/\\\/strotech.com.co\\\/#organization\",\"name\":\"Strotech\",\"url\":\"https:\\\/\\\/strotech.com.co\\\/\",\"logo\":{\"@type\":\"ImageObject\",\"inLanguage\":\"en-US\",\"@id\":\"https:\\\/\\\/strotech.com.co\\\/#\\\/schema\\\/logo\\\/image\\\/\",\"url\":\"https:\\\/\\\/strotech.com.co\\\/wp-content\\\/uploads\\\/2021\\\/03\\\/cropped-logo.png\",\"contentUrl\":\"https:\\\/\\\/strotech.com.co\\\/wp-content\\\/uploads\\\/2021\\\/03\\\/cropped-logo.png\",\"width\":200,\"height\":71,\"caption\":\"Strotech\"},\"image\":{\"@id\":\"https:\\\/\\\/strotech.com.co\\\/#\\\/schema\\\/logo\\\/image\\\/\"}}]}<\/script>\n<!-- \/ Yoast SEO plugin. -->","yoast_head_json":{"title":"SISTEMAS DE CONTROL Y POTENCIA - Strotech","robots":{"index":"index","follow":"follow","max-snippet":"max-snippet:-1","max-image-preview":"max-image-preview:large","max-video-preview":"max-video-preview:-1"},"canonical":"https:\/\/strotech.com.co\/en\/sistemas-de-control-y-potencia\/","og_locale":"en_US","og_type":"article","og_title":"SISTEMAS DE CONTROL Y POTENCIA - Strotech","og_description":"SISTEMAS DE CONTROL Y POTENCIA Los sistemas de control y potencia son dise\u00f1ados y fabricados [&hellip;]","og_url":"https:\/\/strotech.com.co\/en\/sistemas-de-control-y-potencia\/","og_site_name":"Strotech","article_modified_time":"2021-12-29T23:11:54+00:00","twitter_card":"summary_large_image","twitter_misc":{"Est. reading time":"1 minute"},"schema":{"@context":"https:\/\/schema.org","@graph":[{"@type":"WebPage","@id":"https:\/\/strotech.com.co\/sistemas-de-control-y-potencia\/","url":"https:\/\/strotech.com.co\/sistemas-de-control-y-potencia\/","name":"SISTEMAS DE CONTROL Y POTENCIA - Strotech","isPartOf":{"@id":"https:\/\/strotech.com.co\/#website"},"datePublished":"2021-04-22T00:25:11+00:00","dateModified":"2021-12-29T23:11:54+00:00","breadcrumb":{"@id":"https:\/\/strotech.com.co\/sistemas-de-control-y-potencia\/#breadcrumb"},"inLanguage":"en-US","potentialAction":[{"@type":"ReadAction","target":["https:\/\/strotech.com.co\/sistemas-de-control-y-potencia\/"]}]},{"@type":"BreadcrumbList","@id":"https:\/\/strotech.com.co\/sistemas-de-control-y-potencia\/#breadcrumb","itemListElement":[{"@type":"ListItem","position":1,"name":"Home","item":"https:\/\/strotech.com.co\/"},{"@type":"ListItem","position":2,"name":"SISTEMAS DE CONTROL Y POTENCIA"}]},{"@type":"WebSite","@id":"https:\/\/strotech.com.co\/#website","url":"https:\/\/strotech.com.co\/","name":"Strotech","description":"","publisher":{"@id":"https:\/\/strotech.com.co\/#organization"},"potentialAction":[{"@type":"SearchAction","target":{"@type":"EntryPoint","urlTemplate":"https:\/\/strotech.com.co\/?s={search_term_string}"},"query-input":{"@type":"PropertyValueSpecification","valueRequired":true,"valueName":"search_term_string"}}],"inLanguage":"en-US"},{"@type":"Organization","@id":"https:\/\/strotech.com.co\/#organization","name":"Strotech","url":"https:\/\/strotech.com.co\/","logo":{"@type":"ImageObject","inLanguage":"en-US","@id":"https:\/\/strotech.com.co\/#\/schema\/logo\/image\/","url":"https:\/\/strotech.com.co\/wp-content\/uploads\/2021\/03\/cropped-logo.png","contentUrl":"https:\/\/strotech.com.co\/wp-content\/uploads\/2021\/03\/cropped-logo.png","width":200,"height":71,"caption":"Strotech"},"image":{"@id":"https:\/\/strotech.com.co\/#\/schema\/logo\/image\/"}}]}},"_links":{"self":[{"href":"https:\/\/strotech.com.co\/en\/wp-json\/wp\/v2\/pages\/2801","targetHints":{"allow":["GET"]}}],"collection":[{"href":"https:\/\/strotech.com.co\/en\/wp-json\/wp\/v2\/pages"}],"about":[{"href":"https:\/\/strotech.com.co\/en\/wp-json\/wp\/v2\/types\/page"}],"author":[{"embeddable":true,"href":"https:\/\/strotech.com.co\/en\/wp-json\/wp\/v2\/users\/1"}],"replies":[{"embeddable":true,"href":"https:\/\/strotech.com.co\/en\/wp-json\/wp\/v2\/comments?post=2801"}],"version-history":[{"count":5,"href":"https:\/\/strotech.com.co\/en\/wp-json\/wp\/v2\/pages\/2801\/revisions"}],"predecessor-version":[{"id":2984,"href":"https:\/\/strotech.com.co\/en\/wp-json\/wp\/v2\/pages\/2801\/revisions\/2984"}],"wp:attachment":[{"href":"https:\/\/strotech.com.co\/en\/wp-json\/wp\/v2\/media?parent=2801"}],"curies":[{"name":"wp","href":"https:\/\/api.w.org\/{rel}","templated":true}]}}