{"id":2940,"date":"2021-07-13T05:40:20","date_gmt":"2021-07-13T05:40:20","guid":{"rendered":"https:\/\/strotech.com.co\/?page_id=2940"},"modified":"2021-07-13T05:42:54","modified_gmt":"2021-07-13T05:42:54","slug":"servicios-de-inspeccion","status":"publish","type":"page","link":"https:\/\/strotech.com.co\/en\/servicios-de-inspeccion\/","title":{"rendered":"Servicios de inspecci\u00f3n"},"content":{"rendered":"\t\t<div data-elementor-type=\"wp-page\" data-elementor-id=\"2940\" class=\"elementor elementor-2940\">\n\t\t\t\t\t\t<section class=\"elementor-section elementor-top-section elementor-element elementor-element-7a77753 elementor-section-full_width elementor-section-height-default elementor-section-height-default\" data-id=\"7a77753\" data-element_type=\"section\" data-e-type=\"section\" data-settings=\"{&quot;background_background&quot;:&quot;slideshow&quot;,&quot;background_slideshow_gallery&quot;:[{&quot;id&quot;:2608,&quot;url&quot;:&quot;https:\\\/\\\/strotech.com.co\\\/wp-content\\\/uploads\\\/2021\\\/03\\\/pexels-anamul-rezwan-1216589.jpeg&quot;},{&quot;id&quot;:2869,&quot;url&quot;:&quot;https:\\\/\\\/strotech.com.co\\\/wp-content\\\/uploads\\\/2021\\\/06\\\/paquetizacion_equipos.jpg&quot;}],&quot;background_slideshow_loop&quot;:&quot;yes&quot;,&quot;background_slideshow_slide_duration&quot;:5000,&quot;background_slideshow_slide_transition&quot;:&quot;fade&quot;,&quot;background_slideshow_transition_duration&quot;:500}\">\n\t\t\t\t\t\t\t<div class=\"elementor-background-overlay\"><\/div>\n\t\t\t\t\t\t\t<div class=\"elementor-container elementor-column-gap-default\">\n\t\t\t\t\t<div class=\"elementor-column elementor-col-100 elementor-top-column elementor-element elementor-element-76ce1c5\" data-id=\"76ce1c5\" data-element_type=\"column\" data-e-type=\"column\">\n\t\t\t<div class=\"elementor-widget-wrap elementor-element-populated\">\n\t\t\t\t\t\t<div class=\"elementor-element elementor-element-df9c4b9 elementor-widget elementor-widget-heading\" data-id=\"df9c4b9\" data-element_type=\"widget\" data-e-type=\"widget\" data-widget_type=\"heading.default\">\n\t\t\t\t<div class=\"elementor-widget-container\">\n\t\t\t\t\t<h1 class=\"elementor-heading-title elementor-size-default\">SERVICIOS DE INSPECCI\u00d3N<\/h1>\t\t\t\t<\/div>\n\t\t\t\t<\/div>\n\t\t\t\t\t<\/div>\n\t\t<\/div>\n\t\t\t\t\t<\/div>\n\t\t<\/section>\n\t\t\t\t<section class=\"elementor-section elementor-top-section elementor-element elementor-element-c4879f4 elementor-section-boxed elementor-section-height-default elementor-section-height-default\" data-id=\"c4879f4\" data-element_type=\"section\" data-e-type=\"section\" data-settings=\"{&quot;background_background&quot;:&quot;classic&quot;}\">\n\t\t\t\t\t\t<div class=\"elementor-container elementor-column-gap-default\">\n\t\t\t\t\t<div class=\"elementor-column elementor-col-33 elementor-top-column elementor-element elementor-element-9eac0d5\" data-id=\"9eac0d5\" data-element_type=\"column\" data-e-type=\"column\">\n\t\t\t<div class=\"elementor-widget-wrap elementor-element-populated\">\n\t\t\t\t\t\t<div class=\"elementor-element elementor-element-1c2bfe1 elementor-invisible elementor-widget elementor-widget-image\" data-id=\"1c2bfe1\" data-element_type=\"widget\" data-e-type=\"widget\" data-settings=\"{&quot;_animation&quot;:&quot;fadeIn&quot;}\" data-widget_type=\"image.default\">\n\t\t\t\t<div class=\"elementor-widget-container\">\n\t\t\t\t\t\t\t\t\t\t\t\t\t\t\t<img fetchpriority=\"high\" decoding=\"async\" width=\"225\" height=\"300\" src=\"https:\/\/strotech.com.co\/wp-content\/uploads\/2021\/06\/analisis-225x300.jpeg\" class=\"attachment-medium size-medium wp-image-2881\" alt=\"\" srcset=\"https:\/\/strotech.com.co\/wp-content\/uploads\/2021\/06\/analisis-225x300.jpeg 225w, https:\/\/strotech.com.co\/wp-content\/uploads\/2021\/06\/analisis-768x1024.jpeg 768w, https:\/\/strotech.com.co\/wp-content\/uploads\/2021\/06\/analisis-18x24.jpeg 18w, https:\/\/strotech.com.co\/wp-content\/uploads\/2021\/06\/analisis-27x36.jpeg 27w, https:\/\/strotech.com.co\/wp-content\/uploads\/2021\/06\/analisis-36x48.jpeg 36w, https:\/\/strotech.com.co\/wp-content\/uploads\/2021\/06\/analisis.jpeg 960w\" sizes=\"(max-width: 225px) 100vw, 225px\" \/>\t\t\t\t\t\t\t\t\t\t\t\t\t\t\t<\/div>\n\t\t\t\t<\/div>\n\t\t\t\t\t<\/div>\n\t\t<\/div>\n\t\t\t\t<div class=\"elementor-column elementor-col-66 elementor-top-column elementor-element elementor-element-d89e870\" data-id=\"d89e870\" data-element_type=\"column\" data-e-type=\"column\">\n\t\t\t<div class=\"elementor-widget-wrap elementor-element-populated\">\n\t\t\t\t\t\t<div class=\"elementor-element elementor-element-7736b4f elementor-widget elementor-widget-heading\" data-id=\"7736b4f\" data-element_type=\"widget\" data-e-type=\"widget\" data-widget_type=\"heading.default\">\n\t\t\t\t<div class=\"elementor-widget-container\">\n\t\t\t\t\t<h4 class=\"elementor-heading-title elementor-size-medium\">Como parte de nuestros procesos de aseguramiento de producto, hemos desarrollado y fortalecido nuestro departamento de calidad, lo que nos permite contar hoy con personal calificado y equipos certificados para la evaluaci\u00f3n en el \u00e1rea mec\u00e1nica y de control.<\/h4>\t\t\t\t<\/div>\n\t\t\t\t<\/div>\n\t\t\t\t\t<\/div>\n\t\t<\/div>\n\t\t\t\t\t<\/div>\n\t\t<\/section>\n\t\t\t\t<section class=\"elementor-section elementor-top-section elementor-element elementor-element-091322d elementor-section-boxed elementor-section-height-default elementor-section-height-default\" data-id=\"091322d\" data-element_type=\"section\" data-e-type=\"section\" data-settings=\"{&quot;background_background&quot;:&quot;classic&quot;}\">\n\t\t\t\t\t\t<div class=\"elementor-container elementor-column-gap-default\">\n\t\t\t\t\t<div class=\"elementor-column elementor-col-25 elementor-top-column elementor-element elementor-element-82e52bf\" data-id=\"82e52bf\" data-element_type=\"column\" data-e-type=\"column\">\n\t\t\t<div class=\"elementor-widget-wrap elementor-element-populated\">\n\t\t\t\t\t\t<div class=\"elementor-element elementor-element-31313ca elementor-view-stacked elementor-shape-circle elementor-widget elementor-widget-icon\" data-id=\"31313ca\" data-element_type=\"widget\" data-e-type=\"widget\" data-widget_type=\"icon.default\">\n\t\t\t\t<div class=\"elementor-widget-container\">\n\t\t\t\t\t\t\t<div class=\"elementor-icon-wrapper\">\n\t\t\t<div class=\"elementor-icon\">\n\t\t\t<i aria-hidden=\"true\" class=\"far fa-eye\"><\/i>\t\t\t<\/div>\n\t\t<\/div>\n\t\t\t\t\t\t<\/div>\n\t\t\t\t<\/div>\n\t\t\t\t<div class=\"elementor-element elementor-element-d97259a elementor-widget elementor-widget-heading\" data-id=\"d97259a\" data-element_type=\"widget\" data-e-type=\"widget\" data-widget_type=\"heading.default\">\n\t\t\t\t<div class=\"elementor-widget-container\">\n\t\t\t\t\t<h4 class=\"elementor-heading-title elementor-size-default\">Inspecci\u00f3n visual y control dimensional, servicios de inspecci\u00f3n borosc\u00f3pica para verificaci\u00f3n de internos (ASNT<\/h4>\t\t\t\t<\/div>\n\t\t\t\t<\/div>\n\t\t\t\t\t<\/div>\n\t\t<\/div>\n\t\t\t\t<div class=\"elementor-column elementor-col-25 elementor-top-column elementor-element elementor-element-e19a64d\" data-id=\"e19a64d\" data-element_type=\"column\" data-e-type=\"column\">\n\t\t\t<div class=\"elementor-widget-wrap elementor-element-populated\">\n\t\t\t\t\t\t<div class=\"elementor-element elementor-element-f94b7d8 elementor-view-stacked elementor-shape-circle elementor-widget elementor-widget-icon\" data-id=\"f94b7d8\" data-element_type=\"widget\" data-e-type=\"widget\" data-widget_type=\"icon.default\">\n\t\t\t\t<div class=\"elementor-widget-container\">\n\t\t\t\t\t\t\t<div class=\"elementor-icon-wrapper\">\n\t\t\t<div class=\"elementor-icon\">\n\t\t\t<i aria-hidden=\"true\" class=\"fas fa-tint\"><\/i>\t\t\t<\/div>\n\t\t<\/div>\n\t\t\t\t\t\t<\/div>\n\t\t\t\t<\/div>\n\t\t\t\t<div class=\"elementor-element elementor-element-8dc9b30 elementor-widget elementor-widget-heading\" data-id=\"8dc9b30\" data-element_type=\"widget\" data-e-type=\"widget\" data-widget_type=\"heading.default\">\n\t\t\t\t<div class=\"elementor-widget-container\">\n\t\t\t\t\t<h4 class=\"elementor-heading-title elementor-size-default\">Inspecci\u00f3n de juntas por medio de tintas penetrantes (ASNT)\n<\/h4>\t\t\t\t<\/div>\n\t\t\t\t<\/div>\n\t\t\t\t\t<\/div>\n\t\t<\/div>\n\t\t\t\t<div class=\"elementor-column elementor-col-25 elementor-top-column elementor-element elementor-element-5ee0327\" data-id=\"5ee0327\" data-element_type=\"column\" data-e-type=\"column\">\n\t\t\t<div class=\"elementor-widget-wrap elementor-element-populated\">\n\t\t\t\t\t\t<div class=\"elementor-element elementor-element-88a4713 elementor-view-stacked elementor-shape-circle elementor-widget elementor-widget-icon\" data-id=\"88a4713\" data-element_type=\"widget\" data-e-type=\"widget\" data-widget_type=\"icon.default\">\n\t\t\t\t<div class=\"elementor-widget-container\">\n\t\t\t\t\t\t\t<div class=\"elementor-icon-wrapper\">\n\t\t\t<div class=\"elementor-icon\">\n\t\t\t<i aria-hidden=\"true\" class=\"fas fa-water\"><\/i>\t\t\t<\/div>\n\t\t<\/div>\n\t\t\t\t\t\t<\/div>\n\t\t\t\t<\/div>\n\t\t\t\t<div class=\"elementor-element elementor-element-ea5fdb5 elementor-widget elementor-widget-heading\" data-id=\"ea5fdb5\" data-element_type=\"widget\" data-e-type=\"widget\" data-widget_type=\"heading.default\">\n\t\t\t\t<div class=\"elementor-widget-container\">\n\t\t\t\t\t<h4 class=\"elementor-heading-title elementor-size-default\">Pruebas hidrost\u00e1ticas.\n<\/h4>\t\t\t\t<\/div>\n\t\t\t\t<\/div>\n\t\t\t\t\t<\/div>\n\t\t<\/div>\n\t\t\t\t<div class=\"elementor-column elementor-col-25 elementor-top-column elementor-element elementor-element-cc226ae\" data-id=\"cc226ae\" data-element_type=\"column\" data-e-type=\"column\">\n\t\t\t<div class=\"elementor-widget-wrap elementor-element-populated\">\n\t\t\t\t\t\t<div class=\"elementor-element elementor-element-1b9f84c elementor-view-stacked elementor-shape-circle elementor-widget elementor-widget-icon\" data-id=\"1b9f84c\" data-element_type=\"widget\" data-e-type=\"widget\" data-widget_type=\"icon.default\">\n\t\t\t\t<div class=\"elementor-widget-container\">\n\t\t\t\t\t\t\t<div class=\"elementor-icon-wrapper\">\n\t\t\t<div class=\"elementor-icon\">\n\t\t\t<i aria-hidden=\"true\" class=\"fab fa-audible\"><\/i>\t\t\t<\/div>\n\t\t<\/div>\n\t\t\t\t\t\t<\/div>\n\t\t\t\t<\/div>\n\t\t\t\t<div class=\"elementor-element elementor-element-14df14a elementor-widget elementor-widget-heading\" data-id=\"14df14a\" data-element_type=\"widget\" data-e-type=\"widget\" data-widget_type=\"heading.default\">\n\t\t\t\t<div class=\"elementor-widget-container\">\n\t\t\t\t\t<h4 class=\"elementor-heading-title elementor-size-default\">Medici\u00f3n ultras\u00f3nica de espesores.\n<\/h4>\t\t\t\t<\/div>\n\t\t\t\t<\/div>\n\t\t\t\t\t<\/div>\n\t\t<\/div>\n\t\t\t\t\t<\/div>\n\t\t<\/section>\n\t\t\t\t<section class=\"elementor-section elementor-top-section elementor-element elementor-element-b380004 elementor-section-boxed elementor-section-height-default elementor-section-height-default\" data-id=\"b380004\" data-element_type=\"section\" data-e-type=\"section\" data-settings=\"{&quot;background_background&quot;:&quot;classic&quot;}\">\n\t\t\t\t\t\t<div class=\"elementor-container elementor-column-gap-default\">\n\t\t\t\t\t<div class=\"elementor-column elementor-col-33 elementor-top-column elementor-element elementor-element-dfcc714\" data-id=\"dfcc714\" data-element_type=\"column\" data-e-type=\"column\">\n\t\t\t<div class=\"elementor-widget-wrap elementor-element-populated\">\n\t\t\t\t\t\t<div class=\"elementor-element elementor-element-b5472c7 elementor-view-stacked elementor-shape-circle elementor-widget elementor-widget-icon\" data-id=\"b5472c7\" data-element_type=\"widget\" data-e-type=\"widget\" data-widget_type=\"icon.default\">\n\t\t\t\t<div class=\"elementor-widget-container\">\n\t\t\t\t\t\t\t<div class=\"elementor-icon-wrapper\">\n\t\t\t<div class=\"elementor-icon\">\n\t\t\t<i aria-hidden=\"true\" class=\"fas fa-compress-arrows-alt\"><\/i>\t\t\t<\/div>\n\t\t<\/div>\n\t\t\t\t\t\t<\/div>\n\t\t\t\t<\/div>\n\t\t\t\t<div class=\"elementor-element elementor-element-222b7c3 elementor-widget elementor-widget-heading\" data-id=\"222b7c3\" data-element_type=\"widget\" data-e-type=\"widget\" data-widget_type=\"heading.default\">\n\t\t\t\t<div class=\"elementor-widget-container\">\n\t\t\t\t\t<h4 class=\"elementor-heading-title elementor-size-default\">Verificaci\u00f3n y ajuste de alineaci\u00f3n de equipos\n<\/h4>\t\t\t\t<\/div>\n\t\t\t\t<\/div>\n\t\t\t\t\t<\/div>\n\t\t<\/div>\n\t\t\t\t<div class=\"elementor-column elementor-col-33 elementor-top-column elementor-element elementor-element-4a8e384\" data-id=\"4a8e384\" data-element_type=\"column\" data-e-type=\"column\">\n\t\t\t<div class=\"elementor-widget-wrap elementor-element-populated\">\n\t\t\t\t\t\t<div class=\"elementor-element elementor-element-8926716 elementor-view-stacked elementor-shape-circle elementor-widget elementor-widget-icon\" data-id=\"8926716\" data-element_type=\"widget\" data-e-type=\"widget\" data-widget_type=\"icon.default\">\n\t\t\t\t<div class=\"elementor-widget-container\">\n\t\t\t\t\t\t\t<div class=\"elementor-icon-wrapper\">\n\t\t\t<div class=\"elementor-icon\">\n\t\t\t<i aria-hidden=\"true\" class=\"fas fa-temperature-high\"><\/i>\t\t\t<\/div>\n\t\t<\/div>\n\t\t\t\t\t\t<\/div>\n\t\t\t\t<\/div>\n\t\t\t\t<div class=\"elementor-element elementor-element-5b1ab09 elementor-widget elementor-widget-heading\" data-id=\"5b1ab09\" data-element_type=\"widget\" data-e-type=\"widget\" data-widget_type=\"heading.default\">\n\t\t\t\t<div class=\"elementor-widget-container\">\n\t\t\t\t\t<h4 class=\"elementor-heading-title elementor-size-default\">Verificaci\u00f3n de instrumentos de presi\u00f3n y temperatura en campo.<\/h4>\t\t\t\t<\/div>\n\t\t\t\t<\/div>\n\t\t\t\t\t<\/div>\n\t\t<\/div>\n\t\t\t\t<div class=\"elementor-column elementor-col-33 elementor-top-column elementor-element elementor-element-b22cf04\" data-id=\"b22cf04\" data-element_type=\"column\" data-e-type=\"column\">\n\t\t\t<div class=\"elementor-widget-wrap elementor-element-populated\">\n\t\t\t\t\t\t<div class=\"elementor-element elementor-element-7749eb3 elementor-view-stacked elementor-shape-circle elementor-widget elementor-widget-icon\" data-id=\"7749eb3\" data-element_type=\"widget\" data-e-type=\"widget\" data-widget_type=\"icon.default\">\n\t\t\t\t<div class=\"elementor-widget-container\">\n\t\t\t\t\t\t\t<div class=\"elementor-icon-wrapper\">\n\t\t\t<div class=\"elementor-icon\">\n\t\t\t<i aria-hidden=\"true\" class=\"fab fa-sourcetree\"><\/i>\t\t\t<\/div>\n\t\t<\/div>\n\t\t\t\t\t\t<\/div>\n\t\t\t\t<\/div>\n\t\t\t\t<div class=\"elementor-element elementor-element-4df636a elementor-widget elementor-widget-heading\" data-id=\"4df636a\" data-element_type=\"widget\" data-e-type=\"widget\" data-widget_type=\"heading.default\">\n\t\t\t\t<div class=\"elementor-widget-container\">\n\t\t\t\t\t<h4 class=\"elementor-heading-title elementor-size-default\">Parametrizaci\u00f3n de instrumentos<\/h4>\t\t\t\t<\/div>\n\t\t\t\t<\/div>\n\t\t\t\t\t<\/div>\n\t\t<\/div>\n\t\t\t\t\t<\/div>\n\t\t<\/section>\n\t\t\t\t<\/div>\n\t\t","protected":false},"excerpt":{"rendered":"<p>SERVICIOS DE INSPECCI\u00d3N Como parte de nuestros procesos de aseguramiento de producto, hemos desarrollado y [&hellip;]<\/p>\n","protected":false},"author":1,"featured_media":0,"parent":0,"menu_order":0,"comment_status":"closed","ping_status":"closed","template":"elementor_header_footer","meta":{"footnotes":""},"class_list":["post-2940","page","type-page","status-publish","hentry"],"yoast_head":"<!-- This site is optimized with the Yoast SEO plugin v27.3 - https:\/\/yoast.com\/product\/yoast-seo-wordpress\/ -->\n<title>Servicios de inspecci\u00f3n - Strotech<\/title>\n<meta name=\"robots\" content=\"index, follow, max-snippet:-1, max-image-preview:large, max-video-preview:-1\" \/>\n<link rel=\"canonical\" href=\"https:\/\/strotech.com.co\/en\/servicios-de-inspeccion\/\" \/>\n<meta property=\"og:locale\" content=\"en_US\" \/>\n<meta property=\"og:type\" content=\"article\" \/>\n<meta property=\"og:title\" content=\"Servicios de inspecci\u00f3n - Strotech\" \/>\n<meta property=\"og:description\" content=\"SERVICIOS DE INSPECCI\u00d3N Como parte de nuestros procesos de aseguramiento de producto, hemos desarrollado y [&hellip;]\" \/>\n<meta property=\"og:url\" content=\"https:\/\/strotech.com.co\/en\/servicios-de-inspeccion\/\" \/>\n<meta property=\"og:site_name\" content=\"Strotech\" \/>\n<meta property=\"article:modified_time\" content=\"2021-07-13T05:42:54+00:00\" \/>\n<meta property=\"og:image\" content=\"https:\/\/strotech.com.co\/wp-content\/uploads\/2021\/06\/analisis-225x300.jpeg\" \/>\n<meta name=\"twitter:card\" content=\"summary_large_image\" \/>\n<meta name=\"twitter:label1\" content=\"Est. reading time\" \/>\n\t<meta name=\"twitter:data1\" content=\"1 minute\" \/>\n<script type=\"application\/ld+json\" class=\"yoast-schema-graph\">{\"@context\":\"https:\\\/\\\/schema.org\",\"@graph\":[{\"@type\":\"WebPage\",\"@id\":\"https:\\\/\\\/strotech.com.co\\\/servicios-de-inspeccion\\\/\",\"url\":\"https:\\\/\\\/strotech.com.co\\\/servicios-de-inspeccion\\\/\",\"name\":\"Servicios de inspecci\u00f3n - Strotech\",\"isPartOf\":{\"@id\":\"https:\\\/\\\/strotech.com.co\\\/#website\"},\"primaryImageOfPage\":{\"@id\":\"https:\\\/\\\/strotech.com.co\\\/servicios-de-inspeccion\\\/#primaryimage\"},\"image\":{\"@id\":\"https:\\\/\\\/strotech.com.co\\\/servicios-de-inspeccion\\\/#primaryimage\"},\"thumbnailUrl\":\"https:\\\/\\\/strotech.com.co\\\/wp-content\\\/uploads\\\/2021\\\/06\\\/analisis-225x300.jpeg\",\"datePublished\":\"2021-07-13T05:40:20+00:00\",\"dateModified\":\"2021-07-13T05:42:54+00:00\",\"breadcrumb\":{\"@id\":\"https:\\\/\\\/strotech.com.co\\\/servicios-de-inspeccion\\\/#breadcrumb\"},\"inLanguage\":\"en-US\",\"potentialAction\":[{\"@type\":\"ReadAction\",\"target\":[\"https:\\\/\\\/strotech.com.co\\\/servicios-de-inspeccion\\\/\"]}]},{\"@type\":\"ImageObject\",\"inLanguage\":\"en-US\",\"@id\":\"https:\\\/\\\/strotech.com.co\\\/servicios-de-inspeccion\\\/#primaryimage\",\"url\":\"https:\\\/\\\/strotech.com.co\\\/wp-content\\\/uploads\\\/2021\\\/06\\\/analisis-225x300.jpeg\",\"contentUrl\":\"https:\\\/\\\/strotech.com.co\\\/wp-content\\\/uploads\\\/2021\\\/06\\\/analisis-225x300.jpeg\"},{\"@type\":\"BreadcrumbList\",\"@id\":\"https:\\\/\\\/strotech.com.co\\\/servicios-de-inspeccion\\\/#breadcrumb\",\"itemListElement\":[{\"@type\":\"ListItem\",\"position\":1,\"name\":\"Home\",\"item\":\"https:\\\/\\\/strotech.com.co\\\/\"},{\"@type\":\"ListItem\",\"position\":2,\"name\":\"Servicios de inspecci\u00f3n\"}]},{\"@type\":\"WebSite\",\"@id\":\"https:\\\/\\\/strotech.com.co\\\/#website\",\"url\":\"https:\\\/\\\/strotech.com.co\\\/\",\"name\":\"Strotech\",\"description\":\"\",\"publisher\":{\"@id\":\"https:\\\/\\\/strotech.com.co\\\/#organization\"},\"potentialAction\":[{\"@type\":\"SearchAction\",\"target\":{\"@type\":\"EntryPoint\",\"urlTemplate\":\"https:\\\/\\\/strotech.com.co\\\/?s={search_term_string}\"},\"query-input\":{\"@type\":\"PropertyValueSpecification\",\"valueRequired\":true,\"valueName\":\"search_term_string\"}}],\"inLanguage\":\"en-US\"},{\"@type\":\"Organization\",\"@id\":\"https:\\\/\\\/strotech.com.co\\\/#organization\",\"name\":\"Strotech\",\"url\":\"https:\\\/\\\/strotech.com.co\\\/\",\"logo\":{\"@type\":\"ImageObject\",\"inLanguage\":\"en-US\",\"@id\":\"https:\\\/\\\/strotech.com.co\\\/#\\\/schema\\\/logo\\\/image\\\/\",\"url\":\"https:\\\/\\\/strotech.com.co\\\/wp-content\\\/uploads\\\/2021\\\/03\\\/cropped-logo.png\",\"contentUrl\":\"https:\\\/\\\/strotech.com.co\\\/wp-content\\\/uploads\\\/2021\\\/03\\\/cropped-logo.png\",\"width\":200,\"height\":71,\"caption\":\"Strotech\"},\"image\":{\"@id\":\"https:\\\/\\\/strotech.com.co\\\/#\\\/schema\\\/logo\\\/image\\\/\"}}]}<\/script>\n<!-- \/ Yoast SEO plugin. -->","yoast_head_json":{"title":"Servicios de inspecci\u00f3n - Strotech","robots":{"index":"index","follow":"follow","max-snippet":"max-snippet:-1","max-image-preview":"max-image-preview:large","max-video-preview":"max-video-preview:-1"},"canonical":"https:\/\/strotech.com.co\/en\/servicios-de-inspeccion\/","og_locale":"en_US","og_type":"article","og_title":"Servicios de inspecci\u00f3n - Strotech","og_description":"SERVICIOS DE INSPECCI\u00d3N Como parte de nuestros procesos de aseguramiento de producto, hemos desarrollado y [&hellip;]","og_url":"https:\/\/strotech.com.co\/en\/servicios-de-inspeccion\/","og_site_name":"Strotech","article_modified_time":"2021-07-13T05:42:54+00:00","og_image":[{"url":"https:\/\/strotech.com.co\/wp-content\/uploads\/2021\/06\/analisis-225x300.jpeg","type":"","width":"","height":""}],"twitter_card":"summary_large_image","twitter_misc":{"Est. reading time":"1 minute"},"schema":{"@context":"https:\/\/schema.org","@graph":[{"@type":"WebPage","@id":"https:\/\/strotech.com.co\/servicios-de-inspeccion\/","url":"https:\/\/strotech.com.co\/servicios-de-inspeccion\/","name":"Servicios de inspecci\u00f3n - Strotech","isPartOf":{"@id":"https:\/\/strotech.com.co\/#website"},"primaryImageOfPage":{"@id":"https:\/\/strotech.com.co\/servicios-de-inspeccion\/#primaryimage"},"image":{"@id":"https:\/\/strotech.com.co\/servicios-de-inspeccion\/#primaryimage"},"thumbnailUrl":"https:\/\/strotech.com.co\/wp-content\/uploads\/2021\/06\/analisis-225x300.jpeg","datePublished":"2021-07-13T05:40:20+00:00","dateModified":"2021-07-13T05:42:54+00:00","breadcrumb":{"@id":"https:\/\/strotech.com.co\/servicios-de-inspeccion\/#breadcrumb"},"inLanguage":"en-US","potentialAction":[{"@type":"ReadAction","target":["https:\/\/strotech.com.co\/servicios-de-inspeccion\/"]}]},{"@type":"ImageObject","inLanguage":"en-US","@id":"https:\/\/strotech.com.co\/servicios-de-inspeccion\/#primaryimage","url":"https:\/\/strotech.com.co\/wp-content\/uploads\/2021\/06\/analisis-225x300.jpeg","contentUrl":"https:\/\/strotech.com.co\/wp-content\/uploads\/2021\/06\/analisis-225x300.jpeg"},{"@type":"BreadcrumbList","@id":"https:\/\/strotech.com.co\/servicios-de-inspeccion\/#breadcrumb","itemListElement":[{"@type":"ListItem","position":1,"name":"Home","item":"https:\/\/strotech.com.co\/"},{"@type":"ListItem","position":2,"name":"Servicios de inspecci\u00f3n"}]},{"@type":"WebSite","@id":"https:\/\/strotech.com.co\/#website","url":"https:\/\/strotech.com.co\/","name":"Strotech","description":"","publisher":{"@id":"https:\/\/strotech.com.co\/#organization"},"potentialAction":[{"@type":"SearchAction","target":{"@type":"EntryPoint","urlTemplate":"https:\/\/strotech.com.co\/?s={search_term_string}"},"query-input":{"@type":"PropertyValueSpecification","valueRequired":true,"valueName":"search_term_string"}}],"inLanguage":"en-US"},{"@type":"Organization","@id":"https:\/\/strotech.com.co\/#organization","name":"Strotech","url":"https:\/\/strotech.com.co\/","logo":{"@type":"ImageObject","inLanguage":"en-US","@id":"https:\/\/strotech.com.co\/#\/schema\/logo\/image\/","url":"https:\/\/strotech.com.co\/wp-content\/uploads\/2021\/03\/cropped-logo.png","contentUrl":"https:\/\/strotech.com.co\/wp-content\/uploads\/2021\/03\/cropped-logo.png","width":200,"height":71,"caption":"Strotech"},"image":{"@id":"https:\/\/strotech.com.co\/#\/schema\/logo\/image\/"}}]}},"_links":{"self":[{"href":"https:\/\/strotech.com.co\/en\/wp-json\/wp\/v2\/pages\/2940","targetHints":{"allow":["GET"]}}],"collection":[{"href":"https:\/\/strotech.com.co\/en\/wp-json\/wp\/v2\/pages"}],"about":[{"href":"https:\/\/strotech.com.co\/en\/wp-json\/wp\/v2\/types\/page"}],"author":[{"embeddable":true,"href":"https:\/\/strotech.com.co\/en\/wp-json\/wp\/v2\/users\/1"}],"replies":[{"embeddable":true,"href":"https:\/\/strotech.com.co\/en\/wp-json\/wp\/v2\/comments?post=2940"}],"version-history":[{"count":5,"href":"https:\/\/strotech.com.co\/en\/wp-json\/wp\/v2\/pages\/2940\/revisions"}],"predecessor-version":[{"id":2954,"href":"https:\/\/strotech.com.co\/en\/wp-json\/wp\/v2\/pages\/2940\/revisions\/2954"}],"wp:attachment":[{"href":"https:\/\/strotech.com.co\/en\/wp-json\/wp\/v2\/media?parent=2940"}],"curies":[{"name":"wp","href":"https:\/\/api.w.org\/{rel}","templated":true}]}}