{"id":3468,"date":"2026-04-09T21:55:05","date_gmt":"2026-04-09T21:55:05","guid":{"rendered":"https:\/\/strotech.com.co\/?page_id=3468"},"modified":"2026-04-22T22:30:32","modified_gmt":"2026-04-22T22:30:32","slug":"automatizacion","status":"publish","type":"page","link":"https:\/\/strotech.com.co\/en\/automatizacion\/","title":{"rendered":"Automatizaci\u00f3n"},"content":{"rendered":"<div data-elementor-type=\"wp-page\" data-elementor-id=\"3468\" class=\"elementor elementor-3468\">\n\t\t\t\t\t\t<section class=\"elementor-section elementor-top-section elementor-element elementor-element-5a3c1ec elementor-section-content-middle elementor-section-full_width elementor-section-height-default elementor-section-height-default\" data-id=\"5a3c1ec\" data-element_type=\"section\" data-e-type=\"section\" data-settings=\"{&quot;background_background&quot;:&quot;classic&quot;,&quot;animation&quot;:&quot;none&quot;}\">\n\t\t\t\t\t\t\t<div class=\"elementor-background-overlay\"><\/div>\n\t\t\t\t\t\t\t<div class=\"elementor-container elementor-column-gap-no\">\n\t\t\t\t\t<div class=\"elementor-column elementor-col-100 elementor-top-column elementor-element elementor-element-d63f010\" data-id=\"d63f010\" data-element_type=\"column\" data-e-type=\"column\">\n\t\t\t<div class=\"elementor-widget-wrap elementor-element-populated\">\n\t\t\t\t\t\t<div class=\"elementor-element elementor-element-eeafc5d elementor-widget__width-inherit elementor-widget elementor-widget-heading\" data-id=\"eeafc5d\" data-element_type=\"widget\" data-e-type=\"widget\" data-widget_type=\"heading.default\">\n\t\t\t\t<div class=\"elementor-widget-container\">\n\t\t\t\t\t<h2 class=\"elementor-heading-title elementor-size-default\">AUTOMATION<\/h2>\t\t\t\t<\/div>\n\t\t\t\t<\/div>\n\t\t\t\t\t<\/div>\n\t\t<\/div>\n\t\t\t\t\t<\/div>\n\t\t<\/section>\n\t\t\t\t<section class=\"elementor-section elementor-top-section elementor-element elementor-element-2d02032 elementor-section-boxed elementor-section-height-default elementor-section-height-default\" data-id=\"2d02032\" data-element_type=\"section\" data-e-type=\"section\">\n\t\t\t\t\t\t<div class=\"elementor-container elementor-column-gap-default\">\n\t\t\t\t\t<div class=\"elementor-column elementor-col-100 elementor-top-column elementor-element elementor-element-4c95096\" data-id=\"4c95096\" data-element_type=\"column\" data-e-type=\"column\">\n\t\t\t<div class=\"elementor-widget-wrap\">\n\t\t\t\t\t\t\t<\/div>\n\t\t<\/div>\n\t\t\t\t\t<\/div>\n\t\t<\/section>\n\t\t\t\t<section class=\"elementor-section elementor-top-section elementor-element elementor-element-002fada elementor-section-boxed elementor-section-height-default elementor-section-height-default\" data-id=\"002fada\" data-element_type=\"section\" data-e-type=\"section\" data-settings=\"{&quot;background_background&quot;:&quot;classic&quot;}\">\n\t\t\t\t\t\t<div class=\"elementor-container elementor-column-gap-default\">\n\t\t\t\t\t<div class=\"elementor-column elementor-col-50 elementor-top-column elementor-element elementor-element-ff5e7c7\" data-id=\"ff5e7c7\" data-element_type=\"column\" data-e-type=\"column\">\n\t\t\t<div class=\"elementor-widget-wrap elementor-element-populated\">\n\t\t\t\t\t\t<div class=\"elementor-element elementor-element-fd673c0 elementor-widget elementor-widget-heading\" data-id=\"fd673c0\" data-element_type=\"widget\" data-e-type=\"widget\" data-widget_type=\"heading.default\">\n\t\t\t\t<div class=\"elementor-widget-container\">\n\t\t\t\t\t<h2 class=\"elementor-heading-title elementor-size-default\">Automatizaci\u00f3n<\/h2>\t\t\t\t<\/div>\n\t\t\t\t<\/div>\n\t\t\t\t<div class=\"elementor-element elementor-element-88f75ef elementor-widget elementor-widget-text-editor\" data-id=\"88f75ef\" data-element_type=\"widget\" data-e-type=\"widget\" data-widget_type=\"text-editor.default\">\n\t\t\t\t<div class=\"elementor-widget-container\">\n\t\t\t\t\t\t\t\t\t<p><span class=\"a_GcMg font-feature-liga-off font-feature-clig-off font-feature-calt-off text-decoration-none text-strikethrough-none\"><b>Controla<\/b> cada detalle de tu proceso con soluciones inteligentes que optimizan <b>productividad<\/b> y <b>seguridad<\/b>.<\/span><\/p>\t\t\t\t\t\t\t\t<\/div>\n\t\t\t\t<\/div>\n\t\t\t\t<div class=\"elementor-element elementor-element-6e0bf24 premium-type-column elementor-widget elementor-widget-premium-icon-list\" data-id=\"6e0bf24\" data-element_type=\"widget\" data-e-type=\"widget\" data-settings=\"{&quot;rbadges_repeater&quot;:[]}\" data-widget_type=\"premium-icon-list.default\">\n\t\t\t\t<div class=\"elementor-widget-container\">\n\t\t\t\t\t\t\t\t<ul class=\"premium-bullet-list-box\">\n\t\t\t\t\n\t\t\t\t\t\t\t<li class=\"premium-bullet-list-content elementor-repeater-item-31feeba\">\n\t\t\t\t\t\t\t\t<div class=\"premium-bullet-list-text\">\n\t\t\t\t\t\t\t\t\t\t\t\t\t\t\t\t\t\t\t<div class=\"premium-bullet-list-wrapper\">\n\t\t\t\t\t\t\t\t\t\t\t\t\t\t\t\t\t\t\t\t\t\t\t\t\t<div class=\"premium-drawable-icon premium-svg-drawer elementor-invisible\" data-svg-reverse=\"\" data-svg-loop=\"true\" data-svg-hover=\"\" data-svg-sync=\"\" data-svg-fill=\"\" data-svg-frames=\"5\" data-svg-yoyo=\"\" data-svg-point=\"0\">\n\t\t\t\t\t\t\t\t\t\t\t\t\t\t<svg aria-hidden='true' xmlns='http:\/\/www.w3.org\/2000\/svg' viewbox='0 0 448 512'><path d=\"M224.3 273l-136 136c-9.4 9.4-24.6 9.4-33.9 0l-22.6-22.6c-9.4-9.4-9.4-24.6 0-33.9l96.4-96.4-96.4-96.4c-9.4-9.4-9.4-24.6 0-33.9L54.3 103c9.4-9.4 24.6-9.4 33.9 0l136 136c9.5 9.4 9.5 24.6.1 34zm192-34l-136-136c-9.4-9.4-24.6-9.4-33.9 0l-22.6 22.6c-9.4 9.4-9.4 24.6 0 33.9l96.4 96.4-96.4 96.4c-9.4 9.4-9.4 24.6 0 33.9l22.6 22.6c9.4 9.4 24.6 9.4 33.9 0l136-136c9.4-9.2 9.4-24.4 0-33.8z\"><\/path><\/svg>\t\t\t\t\t\t\t\t\t\t\t\t\t\t<\/div>\n\t\t\t\t\t\t\t\t\t\t\t\t\t\t\t\t\t\t\t\t\t\t\t\t\t<\/div>\n\t\t\t\t\t\t\t\t\t\n\t\t\t\t\t\t\t\t\t<div class=\"premium-bullet-list-text-wrapper\">\n\t\t\t\t\t\t\t\t\t\t<span class=\"premium-bullet-text\" data-text=\"Tableros El\u00e9ctricos\"> Tableros El\u00e9ctricos <\/span>\t\t\t\t\t\t\t\t\t\t\t\t\t\t\t\t\t\t\t<\/div>\n\t\t\t\t\t\t\t\t<\/div>\n\n\t\t\t\t\t\t\t\t\n\t\t\t\t\t\t\t\t\t\t\t\t\t\t\t\t\t<a class=\"premium-bullet-list-link\" aria-label=\"Tableros El\u00e9ctricos\" href=\"https:\/\/strotech.com.co\/en\/automatizacion\/tableros-electricos\/\">\n\t\t\t\t\t\t\t\t\t\t<span>Tableros El\u00e9ctricos<\/span>\n\t\t\t\t\t\t\t\t\t<\/a>\n\t\t\t\t\t\t\t\t\n\t\t\t\t\t\t\t<\/li>\n\n\t\t\t\t\t\t\t\n\t\t\t\t\t\t\t<li class=\"premium-bullet-list-content elementor-repeater-item-239027b\">\n\t\t\t\t\t\t\t\t<div class=\"premium-bullet-list-text\">\n\t\t\t\t\t\t\t\t\t\t\t\t\t\t\t\t\t\t\t<div class=\"premium-bullet-list-wrapper\">\n\t\t\t\t\t\t\t\t\t\t\t\t\t\t\t\t\t\t\t\t\t\t\t\t\t<div class=\"premium-drawable-icon premium-svg-drawer elementor-invisible\" data-svg-reverse=\"\" data-svg-loop=\"true\" data-svg-hover=\"\" data-svg-sync=\"\" data-svg-fill=\"\" data-svg-frames=\"5\" data-svg-yoyo=\"\" data-svg-point=\"0\">\n\t\t\t\t\t\t\t\t\t\t\t\t\t\t<svg aria-hidden='true' xmlns='http:\/\/www.w3.org\/2000\/svg' viewbox='0 0 448 512'><path d=\"M224.3 273l-136 136c-9.4 9.4-24.6 9.4-33.9 0l-22.6-22.6c-9.4-9.4-9.4-24.6 0-33.9l96.4-96.4-96.4-96.4c-9.4-9.4-9.4-24.6 0-33.9L54.3 103c9.4-9.4 24.6-9.4 33.9 0l136 136c9.5 9.4 9.5 24.6.1 34zm192-34l-136-136c-9.4-9.4-24.6-9.4-33.9 0l-22.6 22.6c-9.4 9.4-9.4 24.6 0 33.9l96.4 96.4-96.4 96.4c-9.4 9.4-9.4 24.6 0 33.9l22.6 22.6c9.4 9.4 24.6 9.4 33.9 0l136-136c9.4-9.2 9.4-24.4 0-33.8z\"><\/path><\/svg>\t\t\t\t\t\t\t\t\t\t\t\t\t\t<\/div>\n\t\t\t\t\t\t\t\t\t\t\t\t\t\t\t\t\t\t\t\t\t\t\t\t\t<\/div>\n\t\t\t\t\t\t\t\t\t\n\t\t\t\t\t\t\t\t\t<div class=\"premium-bullet-list-text-wrapper\">\n\t\t\t\t\t\t\t\t\t\t<span class=\"premium-bullet-text\" data-text=\"Instrumentaci\u00f3n\"> Instrumentaci\u00f3n <\/span>\t\t\t\t\t\t\t\t\t\t\t\t\t\t\t\t\t\t\t<\/div>\n\t\t\t\t\t\t\t\t<\/div>\n\n\t\t\t\t\t\t\t\t\n\t\t\t\t\t\t\t\t\t\t\t\t\t\t\t\t\t<a class=\"premium-bullet-list-link\" aria-label=\"Instrumentaci\u00f3n\" href=\"https:\/\/strotech.com.co\/en\/automatizacion\/instrumentacion\/\">\n\t\t\t\t\t\t\t\t\t\t<span>Instrumentaci\u00f3n<\/span>\n\t\t\t\t\t\t\t\t\t<\/a>\n\t\t\t\t\t\t\t\t\n\t\t\t\t\t\t\t<\/li>\n\n\t\t\t\t\t\t\t\n\t\t\t\t\t\t\t<li class=\"premium-bullet-list-content elementor-repeater-item-9c00e42\">\n\t\t\t\t\t\t\t\t<div class=\"premium-bullet-list-text\">\n\t\t\t\t\t\t\t\t\t\t\t\t\t\t\t\t\t\t\t<div class=\"premium-bullet-list-wrapper\">\n\t\t\t\t\t\t\t\t\t\t\t\t\t\t\t\t\t\t\t\t\t\t\t\t\t<div class=\"premium-drawable-icon premium-svg-drawer elementor-invisible\" data-svg-reverse=\"\" data-svg-loop=\"true\" data-svg-hover=\"\" data-svg-sync=\"\" data-svg-fill=\"\" data-svg-frames=\"5\" data-svg-yoyo=\"\" data-svg-point=\"0\">\n\t\t\t\t\t\t\t\t\t\t\t\t\t\t<svg aria-hidden='true' xmlns='http:\/\/www.w3.org\/2000\/svg' viewbox='0 0 448 512'><path d=\"M224.3 273l-136 136c-9.4 9.4-24.6 9.4-33.9 0l-22.6-22.6c-9.4-9.4-9.4-24.6 0-33.9l96.4-96.4-96.4-96.4c-9.4-9.4-9.4-24.6 0-33.9L54.3 103c9.4-9.4 24.6-9.4 33.9 0l136 136c9.5 9.4 9.5 24.6.1 34zm192-34l-136-136c-9.4-9.4-24.6-9.4-33.9 0l-22.6 22.6c-9.4 9.4-9.4 24.6 0 33.9l96.4 96.4-96.4 96.4c-9.4 9.4-9.4 24.6 0 33.9l22.6 22.6c9.4 9.4 24.6 9.4 33.9 0l136-136c9.4-9.2 9.4-24.4 0-33.8z\"><\/path><\/svg>\t\t\t\t\t\t\t\t\t\t\t\t\t\t<\/div>\n\t\t\t\t\t\t\t\t\t\t\t\t\t\t\t\t\t\t\t\t\t\t\t\t\t<\/div>\n\t\t\t\t\t\t\t\t\t\n\t\t\t\t\t\t\t\t\t<div class=\"premium-bullet-list-text-wrapper\">\n\t\t\t\t\t\t\t\t\t\t<span class=\"premium-bullet-text\" data-text=\"Bombas\"> Bombas <\/span>\t\t\t\t\t\t\t\t\t\t\t\t\t\t\t\t\t\t\t<\/div>\n\t\t\t\t\t\t\t\t<\/div>\n\n\t\t\t\t\t\t\t\t\n\t\t\t\t\t\t\t\t\t\t\t\t\t\t\t\t\t<a class=\"premium-bullet-list-link\" aria-label=\"Bombas\" href=\"https:\/\/strotech.com.co\/en\/automatizacion\/bombas\/\">\n\t\t\t\t\t\t\t\t\t\t<span>Bombas<\/span>\n\t\t\t\t\t\t\t\t\t<\/a>\n\t\t\t\t\t\t\t\t\n\t\t\t\t\t\t\t<\/li>\n\n\t\t\t\t\t\t\t\n\t\t\t\t\t\t\t<li class=\"premium-bullet-list-content elementor-repeater-item-bfe3688\">\n\t\t\t\t\t\t\t\t<div class=\"premium-bullet-list-text\">\n\t\t\t\t\t\t\t\t\t\t\t\t\t\t\t\t\t\t\t<div class=\"premium-bullet-list-wrapper\">\n\t\t\t\t\t\t\t\t\t\t\t\t\t\t\t\t\t\t\t\t\t\t\t\t\t<div class=\"premium-drawable-icon premium-svg-drawer elementor-invisible\" data-svg-reverse=\"\" data-svg-loop=\"true\" data-svg-hover=\"\" data-svg-sync=\"\" data-svg-fill=\"\" data-svg-frames=\"5\" data-svg-yoyo=\"\" data-svg-point=\"0\">\n\t\t\t\t\t\t\t\t\t\t\t\t\t\t<svg aria-hidden='true' xmlns='http:\/\/www.w3.org\/2000\/svg' viewbox='0 0 448 512'><path d=\"M224.3 273l-136 136c-9.4 9.4-24.6 9.4-33.9 0l-22.6-22.6c-9.4-9.4-9.4-24.6 0-33.9l96.4-96.4-96.4-96.4c-9.4-9.4-9.4-24.6 0-33.9L54.3 103c9.4-9.4 24.6-9.4 33.9 0l136 136c9.5 9.4 9.5 24.6.1 34zm192-34l-136-136c-9.4-9.4-24.6-9.4-33.9 0l-22.6 22.6c-9.4 9.4-9.4 24.6 0 33.9l96.4 96.4-96.4 96.4c-9.4 9.4-9.4 24.6 0 33.9l22.6 22.6c9.4 9.4 24.6 9.4 33.9 0l136-136c9.4-9.2 9.4-24.4 0-33.8z\"><\/path><\/svg>\t\t\t\t\t\t\t\t\t\t\t\t\t\t<\/div>\n\t\t\t\t\t\t\t\t\t\t\t\t\t\t\t\t\t\t\t\t\t\t\t\t\t<\/div>\n\t\t\t\t\t\t\t\t\t\n\t\t\t\t\t\t\t\t\t<div class=\"premium-bullet-list-text-wrapper\">\n\t\t\t\t\t\t\t\t\t\t<span class=\"premium-bullet-text\" data-text=\"V\u00e1lvulas\"> V\u00e1lvulas <\/span>\t\t\t\t\t\t\t\t\t\t\t\t\t\t\t\t\t\t\t<\/div>\n\t\t\t\t\t\t\t\t<\/div>\n\n\t\t\t\t\t\t\t\t\n\t\t\t\t\t\t\t\t\t\t\t\t\t\t\t\t\t<a class=\"premium-bullet-list-link\" aria-label=\"V\u00e1lvulas\" href=\"https:\/\/strotech.com.co\/en\/plantas-de-proceso\/tratamiento-de-agua\/\">\n\t\t\t\t\t\t\t\t\t\t<span>V\u00e1lvulas<\/span>\n\t\t\t\t\t\t\t\t\t<\/a>\n\t\t\t\t\t\t\t\t\n\t\t\t\t\t\t\t<\/li>\n\n\t\t\t\t\t\t\t\t\t\t<\/ul>\n\t\t\t\t\t\t<\/div>\n\t\t\t\t<\/div>\n\t\t\t\t\t<\/div>\n\t\t<\/div>\n\t\t\t\t<div class=\"elementor-column elementor-col-50 elementor-top-column elementor-element elementor-element-afff7a9\" data-id=\"afff7a9\" data-element_type=\"column\" data-e-type=\"column\">\n\t\t\t<div class=\"elementor-widget-wrap elementor-element-populated\">\n\t\t\t\t\t\t<div class=\"elementor-element elementor-element-fee67f8 elementor-widget elementor-widget-image\" data-id=\"fee67f8\" data-element_type=\"widget\" data-e-type=\"widget\" data-widget_type=\"image.default\">\n\t\t\t\t<div class=\"elementor-widget-container\">\n\t\t\t\t\t\t\t\t\t\t\t\t\t\t\t<img fetchpriority=\"high\" decoding=\"async\" width=\"1920\" height=\"1080\" src=\"https:\/\/strotech.com.co\/wp-content\/uploads\/2026\/04\/Portafolio-Strotech-SAS.pdf-1-1.png\" class=\"attachment-full size-full wp-image-3670\" alt=\"\" srcset=\"https:\/\/strotech.com.co\/wp-content\/uploads\/2026\/04\/Portafolio-Strotech-SAS.pdf-1-1.png 1920w, https:\/\/strotech.com.co\/wp-content\/uploads\/2026\/04\/Portafolio-Strotech-SAS.pdf-1-1-300x169.png 300w, https:\/\/strotech.com.co\/wp-content\/uploads\/2026\/04\/Portafolio-Strotech-SAS.pdf-1-1-1024x576.png 1024w, https:\/\/strotech.com.co\/wp-content\/uploads\/2026\/04\/Portafolio-Strotech-SAS.pdf-1-1-768x432.png 768w, https:\/\/strotech.com.co\/wp-content\/uploads\/2026\/04\/Portafolio-Strotech-SAS.pdf-1-1-1536x864.png 1536w, https:\/\/strotech.com.co\/wp-content\/uploads\/2026\/04\/Portafolio-Strotech-SAS.pdf-1-1-18x10.png 18w, https:\/\/strotech.com.co\/wp-content\/uploads\/2026\/04\/Portafolio-Strotech-SAS.pdf-1-1-1850x1041.png 1850w, https:\/\/strotech.com.co\/wp-content\/uploads\/2026\/04\/Portafolio-Strotech-SAS.pdf-1-1-24x14.png 24w, https:\/\/strotech.com.co\/wp-content\/uploads\/2026\/04\/Portafolio-Strotech-SAS.pdf-1-1-36x20.png 36w, https:\/\/strotech.com.co\/wp-content\/uploads\/2026\/04\/Portafolio-Strotech-SAS.pdf-1-1-48x27.png 48w\" sizes=\"(max-width: 1920px) 100vw, 1920px\" \/>\t\t\t\t\t\t\t\t\t\t\t\t\t\t\t<\/div>\n\t\t\t\t<\/div>\n\t\t\t\t\t<\/div>\n\t\t<\/div>\n\t\t\t\t\t<\/div>\n\t\t<\/section>\n\t\t\t\t<\/div>","protected":false},"excerpt":{"rendered":"<p>AUTOMATIZACI\u00d3N Automatizaci\u00f3n Controla cada detalle de tu proceso con soluciones inteligentes que optimizan productividad y [&hellip;]<\/p>\n","protected":false},"author":1,"featured_media":0,"parent":0,"menu_order":0,"comment_status":"closed","ping_status":"closed","template":"elementor_header_footer","meta":{"footnotes":""},"class_list":["post-3468","page","type-page","status-publish","hentry"],"yoast_head":"<!-- This site is optimized with the Yoast SEO plugin v27.3 - https:\/\/yoast.com\/product\/yoast-seo-wordpress\/ -->\n<title>Automatizaci\u00f3n - Strotech<\/title>\n<meta name=\"robots\" content=\"index, follow, max-snippet:-1, max-image-preview:large, max-video-preview:-1\" \/>\n<link rel=\"canonical\" href=\"https:\/\/strotech.com.co\/en\/automatizacion\/\" \/>\n<meta property=\"og:locale\" content=\"en_US\" \/>\n<meta property=\"og:type\" content=\"article\" \/>\n<meta property=\"og:title\" content=\"Automatizaci\u00f3n - Strotech\" \/>\n<meta property=\"og:description\" content=\"AUTOMATIZACI\u00d3N Automatizaci\u00f3n Controla cada detalle de tu proceso con soluciones inteligentes que optimizan productividad y [&hellip;]\" \/>\n<meta property=\"og:url\" content=\"https:\/\/strotech.com.co\/en\/automatizacion\/\" \/>\n<meta property=\"og:site_name\" content=\"Strotech\" \/>\n<meta property=\"article:modified_time\" content=\"2026-04-22T22:30:32+00:00\" \/>\n<meta property=\"og:image\" content=\"https:\/\/strotech.com.co\/wp-content\/uploads\/2026\/04\/Portafolio-Strotech-SAS.pdf-1-1.png\" \/>\n<meta name=\"twitter:card\" content=\"summary_large_image\" \/>\n<meta name=\"twitter:label1\" content=\"Est. reading time\" \/>\n\t<meta name=\"twitter:data1\" content=\"1 minute\" \/>\n<script type=\"application\/ld+json\" class=\"yoast-schema-graph\">{\"@context\":\"https:\\\/\\\/schema.org\",\"@graph\":[{\"@type\":\"WebPage\",\"@id\":\"https:\\\/\\\/strotech.com.co\\\/automatizacion\\\/\",\"url\":\"https:\\\/\\\/strotech.com.co\\\/automatizacion\\\/\",\"name\":\"Automatizaci\u00f3n - Strotech\",\"isPartOf\":{\"@id\":\"https:\\\/\\\/strotech.com.co\\\/#website\"},\"primaryImageOfPage\":{\"@id\":\"https:\\\/\\\/strotech.com.co\\\/automatizacion\\\/#primaryimage\"},\"image\":{\"@id\":\"https:\\\/\\\/strotech.com.co\\\/automatizacion\\\/#primaryimage\"},\"thumbnailUrl\":\"https:\\\/\\\/strotech.com.co\\\/wp-content\\\/uploads\\\/2026\\\/04\\\/Portafolio-Strotech-SAS.pdf-1-1.png\",\"datePublished\":\"2026-04-09T21:55:05+00:00\",\"dateModified\":\"2026-04-22T22:30:32+00:00\",\"breadcrumb\":{\"@id\":\"https:\\\/\\\/strotech.com.co\\\/automatizacion\\\/#breadcrumb\"},\"inLanguage\":\"en-US\",\"potentialAction\":[{\"@type\":\"ReadAction\",\"target\":[\"https:\\\/\\\/strotech.com.co\\\/automatizacion\\\/\"]}]},{\"@type\":\"ImageObject\",\"inLanguage\":\"en-US\",\"@id\":\"https:\\\/\\\/strotech.com.co\\\/automatizacion\\\/#primaryimage\",\"url\":\"https:\\\/\\\/strotech.com.co\\\/wp-content\\\/uploads\\\/2026\\\/04\\\/Portafolio-Strotech-SAS.pdf-1-1.png\",\"contentUrl\":\"https:\\\/\\\/strotech.com.co\\\/wp-content\\\/uploads\\\/2026\\\/04\\\/Portafolio-Strotech-SAS.pdf-1-1.png\"},{\"@type\":\"BreadcrumbList\",\"@id\":\"https:\\\/\\\/strotech.com.co\\\/automatizacion\\\/#breadcrumb\",\"itemListElement\":[{\"@type\":\"ListItem\",\"position\":1,\"name\":\"Home\",\"item\":\"https:\\\/\\\/strotech.com.co\\\/\"},{\"@type\":\"ListItem\",\"position\":2,\"name\":\"Automatizaci\u00f3n\"}]},{\"@type\":\"WebSite\",\"@id\":\"https:\\\/\\\/strotech.com.co\\\/#website\",\"url\":\"https:\\\/\\\/strotech.com.co\\\/\",\"name\":\"Strotech\",\"description\":\"\",\"publisher\":{\"@id\":\"https:\\\/\\\/strotech.com.co\\\/#organization\"},\"potentialAction\":[{\"@type\":\"SearchAction\",\"target\":{\"@type\":\"EntryPoint\",\"urlTemplate\":\"https:\\\/\\\/strotech.com.co\\\/?s={search_term_string}\"},\"query-input\":{\"@type\":\"PropertyValueSpecification\",\"valueRequired\":true,\"valueName\":\"search_term_string\"}}],\"inLanguage\":\"en-US\"},{\"@type\":\"Organization\",\"@id\":\"https:\\\/\\\/strotech.com.co\\\/#organization\",\"name\":\"Strotech\",\"url\":\"https:\\\/\\\/strotech.com.co\\\/\",\"logo\":{\"@type\":\"ImageObject\",\"inLanguage\":\"en-US\",\"@id\":\"https:\\\/\\\/strotech.com.co\\\/#\\\/schema\\\/logo\\\/image\\\/\",\"url\":\"https:\\\/\\\/strotech.com.co\\\/wp-content\\\/uploads\\\/2021\\\/03\\\/cropped-logo.png\",\"contentUrl\":\"https:\\\/\\\/strotech.com.co\\\/wp-content\\\/uploads\\\/2021\\\/03\\\/cropped-logo.png\",\"width\":200,\"height\":71,\"caption\":\"Strotech\"},\"image\":{\"@id\":\"https:\\\/\\\/strotech.com.co\\\/#\\\/schema\\\/logo\\\/image\\\/\"}}]}<\/script>\n<!-- \/ Yoast SEO plugin. -->","yoast_head_json":{"title":"Automatizaci\u00f3n - Strotech","robots":{"index":"index","follow":"follow","max-snippet":"max-snippet:-1","max-image-preview":"max-image-preview:large","max-video-preview":"max-video-preview:-1"},"canonical":"https:\/\/strotech.com.co\/en\/automatizacion\/","og_locale":"en_US","og_type":"article","og_title":"Automatizaci\u00f3n - Strotech","og_description":"AUTOMATIZACI\u00d3N Automatizaci\u00f3n Controla cada detalle de tu proceso con soluciones inteligentes que optimizan productividad y [&hellip;]","og_url":"https:\/\/strotech.com.co\/en\/automatizacion\/","og_site_name":"Strotech","article_modified_time":"2026-04-22T22:30:32+00:00","og_image":[{"url":"https:\/\/strotech.com.co\/wp-content\/uploads\/2026\/04\/Portafolio-Strotech-SAS.pdf-1-1.png","type":"","width":"","height":""}],"twitter_card":"summary_large_image","twitter_misc":{"Est. reading time":"1 minute"},"schema":{"@context":"https:\/\/schema.org","@graph":[{"@type":"WebPage","@id":"https:\/\/strotech.com.co\/automatizacion\/","url":"https:\/\/strotech.com.co\/automatizacion\/","name":"Automatizaci\u00f3n - Strotech","isPartOf":{"@id":"https:\/\/strotech.com.co\/#website"},"primaryImageOfPage":{"@id":"https:\/\/strotech.com.co\/automatizacion\/#primaryimage"},"image":{"@id":"https:\/\/strotech.com.co\/automatizacion\/#primaryimage"},"thumbnailUrl":"https:\/\/strotech.com.co\/wp-content\/uploads\/2026\/04\/Portafolio-Strotech-SAS.pdf-1-1.png","datePublished":"2026-04-09T21:55:05+00:00","dateModified":"2026-04-22T22:30:32+00:00","breadcrumb":{"@id":"https:\/\/strotech.com.co\/automatizacion\/#breadcrumb"},"inLanguage":"en-US","potentialAction":[{"@type":"ReadAction","target":["https:\/\/strotech.com.co\/automatizacion\/"]}]},{"@type":"ImageObject","inLanguage":"en-US","@id":"https:\/\/strotech.com.co\/automatizacion\/#primaryimage","url":"https:\/\/strotech.com.co\/wp-content\/uploads\/2026\/04\/Portafolio-Strotech-SAS.pdf-1-1.png","contentUrl":"https:\/\/strotech.com.co\/wp-content\/uploads\/2026\/04\/Portafolio-Strotech-SAS.pdf-1-1.png"},{"@type":"BreadcrumbList","@id":"https:\/\/strotech.com.co\/automatizacion\/#breadcrumb","itemListElement":[{"@type":"ListItem","position":1,"name":"Home","item":"https:\/\/strotech.com.co\/"},{"@type":"ListItem","position":2,"name":"Automatizaci\u00f3n"}]},{"@type":"WebSite","@id":"https:\/\/strotech.com.co\/#website","url":"https:\/\/strotech.com.co\/","name":"Strotech","description":"","publisher":{"@id":"https:\/\/strotech.com.co\/#organization"},"potentialAction":[{"@type":"SearchAction","target":{"@type":"EntryPoint","urlTemplate":"https:\/\/strotech.com.co\/?s={search_term_string}"},"query-input":{"@type":"PropertyValueSpecification","valueRequired":true,"valueName":"search_term_string"}}],"inLanguage":"en-US"},{"@type":"Organization","@id":"https:\/\/strotech.com.co\/#organization","name":"Strotech","url":"https:\/\/strotech.com.co\/","logo":{"@type":"ImageObject","inLanguage":"en-US","@id":"https:\/\/strotech.com.co\/#\/schema\/logo\/image\/","url":"https:\/\/strotech.com.co\/wp-content\/uploads\/2021\/03\/cropped-logo.png","contentUrl":"https:\/\/strotech.com.co\/wp-content\/uploads\/2021\/03\/cropped-logo.png","width":200,"height":71,"caption":"Strotech"},"image":{"@id":"https:\/\/strotech.com.co\/#\/schema\/logo\/image\/"}}]}},"_links":{"self":[{"href":"https:\/\/strotech.com.co\/en\/wp-json\/wp\/v2\/pages\/3468","targetHints":{"allow":["GET"]}}],"collection":[{"href":"https:\/\/strotech.com.co\/en\/wp-json\/wp\/v2\/pages"}],"about":[{"href":"https:\/\/strotech.com.co\/en\/wp-json\/wp\/v2\/types\/page"}],"author":[{"embeddable":true,"href":"https:\/\/strotech.com.co\/en\/wp-json\/wp\/v2\/users\/1"}],"replies":[{"embeddable":true,"href":"https:\/\/strotech.com.co\/en\/wp-json\/wp\/v2\/comments?post=3468"}],"version-history":[{"count":5,"href":"https:\/\/strotech.com.co\/en\/wp-json\/wp\/v2\/pages\/3468\/revisions"}],"predecessor-version":[{"id":3673,"href":"https:\/\/strotech.com.co\/en\/wp-json\/wp\/v2\/pages\/3468\/revisions\/3673"}],"wp:attachment":[{"href":"https:\/\/strotech.com.co\/en\/wp-json\/wp\/v2\/media?parent=3468"}],"curies":[{"name":"wp","href":"https:\/\/api.w.org\/{rel}","templated":true}]}}