{"id":3472,"date":"2026-04-09T21:56:48","date_gmt":"2026-04-09T21:56:48","guid":{"rendered":"https:\/\/strotech.com.co\/?page_id=3472"},"modified":"2026-04-27T22:16:40","modified_gmt":"2026-04-27T22:16:40","slug":"servicios-2","status":"publish","type":"page","link":"https:\/\/strotech.com.co\/en\/servicios-2\/","title":{"rendered":"Servicios"},"content":{"rendered":"<div data-elementor-type=\"wp-page\" data-elementor-id=\"3472\" class=\"elementor elementor-3472\">\n\t\t\t\t\t\t<section class=\"elementor-section elementor-top-section elementor-element elementor-element-5a3c1ec elementor-section-content-middle elementor-section-full_width elementor-section-height-default elementor-section-height-default\" data-id=\"5a3c1ec\" data-element_type=\"section\" data-e-type=\"section\" data-settings=\"{&quot;background_background&quot;:&quot;classic&quot;,&quot;animation&quot;:&quot;none&quot;}\">\n\t\t\t\t\t\t\t<div class=\"elementor-background-overlay\"><\/div>\n\t\t\t\t\t\t\t<div class=\"elementor-container elementor-column-gap-no\">\n\t\t\t\t\t<div class=\"elementor-column elementor-col-100 elementor-top-column elementor-element elementor-element-d63f010\" data-id=\"d63f010\" data-element_type=\"column\" data-e-type=\"column\">\n\t\t\t<div class=\"elementor-widget-wrap elementor-element-populated\">\n\t\t\t\t\t\t<div class=\"elementor-element elementor-element-eeafc5d elementor-widget__width-inherit elementor-widget elementor-widget-heading\" data-id=\"eeafc5d\" data-element_type=\"widget\" data-e-type=\"widget\" data-widget_type=\"heading.default\">\n\t\t\t\t<div class=\"elementor-widget-container\">\n\t\t\t\t\t<h2 class=\"elementor-heading-title elementor-size-default\">SERVICES<\/h2>\t\t\t\t<\/div>\n\t\t\t\t<\/div>\n\t\t\t\t\t<\/div>\n\t\t<\/div>\n\t\t\t\t\t<\/div>\n\t\t<\/section>\n\t\t\t\t<section class=\"elementor-section elementor-top-section elementor-element elementor-element-2d02032 elementor-section-boxed elementor-section-height-default elementor-section-height-default\" data-id=\"2d02032\" data-element_type=\"section\" data-e-type=\"section\">\n\t\t\t\t\t\t<div class=\"elementor-container elementor-column-gap-default\">\n\t\t\t\t\t<div class=\"elementor-column elementor-col-100 elementor-top-column elementor-element elementor-element-4c95096\" data-id=\"4c95096\" data-element_type=\"column\" data-e-type=\"column\">\n\t\t\t<div class=\"elementor-widget-wrap\">\n\t\t\t\t\t\t\t<\/div>\n\t\t<\/div>\n\t\t\t\t\t<\/div>\n\t\t<\/section>\n\t\t\t\t<section class=\"elementor-section elementor-top-section elementor-element elementor-element-785d0cc elementor-section-boxed elementor-section-height-default elementor-section-height-default\" data-id=\"785d0cc\" data-element_type=\"section\" data-e-type=\"section\" data-settings=\"{&quot;background_background&quot;:&quot;classic&quot;}\">\n\t\t\t\t\t\t<div class=\"elementor-container elementor-column-gap-default\">\n\t\t\t\t\t<div class=\"elementor-column elementor-col-50 elementor-top-column elementor-element elementor-element-418452a\" data-id=\"418452a\" data-element_type=\"column\" data-e-type=\"column\">\n\t\t\t<div class=\"elementor-widget-wrap elementor-element-populated\">\n\t\t\t\t\t\t<div class=\"elementor-element elementor-element-6e617cb elementor-widget elementor-widget-heading\" data-id=\"6e617cb\" data-element_type=\"widget\" data-e-type=\"widget\" data-widget_type=\"heading.default\">\n\t\t\t\t<div class=\"elementor-widget-container\">\n\t\t\t\t\t<h2 class=\"elementor-heading-title elementor-size-default\">Servicios<\/h2>\t\t\t\t<\/div>\n\t\t\t\t<\/div>\n\t\t\t\t<div class=\"elementor-element elementor-element-849d358 elementor-widget elementor-widget-text-editor\" data-id=\"849d358\" data-element_type=\"widget\" data-e-type=\"widget\" data-widget_type=\"text-editor.default\">\n\t\t\t\t<div class=\"elementor-widget-container\">\n\t\t\t\t\t\t\t\t\t<p><span class=\"a_GcMg font-feature-liga-off font-feature-clig-off font-feature-calt-off text-decoration-none text-strikethrough-none\" style=\"color: #000000; caret-color: #ffffff; --ys-xuq: none; font-style: italic; font-kerning: none;\"><b>Conf\u00eda<\/b> en nuestro soporte t\u00e9cnico integral para mantener tu <b>operaci\u00f3n <\/b>siempre al <b>m\u00e1ximo<\/b> nivel.<\/span><\/p>\t\t\t\t\t\t\t\t<\/div>\n\t\t\t\t<\/div>\n\t\t\t\t<div class=\"elementor-element elementor-element-6820195 premium-type-column elementor-widget elementor-widget-premium-icon-list\" data-id=\"6820195\" data-element_type=\"widget\" data-e-type=\"widget\" data-settings=\"{&quot;rbadges_repeater&quot;:[]}\" data-widget_type=\"premium-icon-list.default\">\n\t\t\t\t<div class=\"elementor-widget-container\">\n\t\t\t\t\t\t\t\t<ul class=\"premium-bullet-list-box\">\n\t\t\t\t\n\t\t\t\t\t\t\t<li class=\"premium-bullet-list-content elementor-repeater-item-31feeba\">\n\t\t\t\t\t\t\t\t<div class=\"premium-bullet-list-text\">\n\t\t\t\t\t\t\t\t\t\t\t\t\t\t\t\t\t\t\t<div class=\"premium-bullet-list-wrapper\">\n\t\t\t\t\t\t\t\t\t\t\t\t\t\t\t\t\t\t\t\t\t\t\t\t\t<div class=\"premium-drawable-icon premium-svg-drawer elementor-invisible\" data-svg-reverse=\"\" data-svg-loop=\"true\" data-svg-hover=\"\" data-svg-sync=\"\" data-svg-fill=\"\" data-svg-frames=\"5\" data-svg-yoyo=\"\" data-svg-point=\"0\">\n\t\t\t\t\t\t\t\t\t\t\t\t\t\t<svg aria-hidden='true' xmlns='http:\/\/www.w3.org\/2000\/svg' viewbox='0 0 448 512'><path d=\"M224.3 273l-136 136c-9.4 9.4-24.6 9.4-33.9 0l-22.6-22.6c-9.4-9.4-9.4-24.6 0-33.9l96.4-96.4-96.4-96.4c-9.4-9.4-9.4-24.6 0-33.9L54.3 103c9.4-9.4 24.6-9.4 33.9 0l136 136c9.5 9.4 9.5 24.6.1 34zm192-34l-136-136c-9.4-9.4-24.6-9.4-33.9 0l-22.6 22.6c-9.4 9.4-9.4 24.6 0 33.9l96.4 96.4-96.4 96.4c-9.4 9.4-9.4 24.6 0 33.9l22.6 22.6c9.4 9.4 24.6 9.4 33.9 0l136-136c9.4-9.2 9.4-24.4 0-33.8z\"><\/path><\/svg>\t\t\t\t\t\t\t\t\t\t\t\t\t\t<\/div>\n\t\t\t\t\t\t\t\t\t\t\t\t\t\t\t\t\t\t\t\t\t\t\t\t\t<\/div>\n\t\t\t\t\t\t\t\t\t\n\t\t\t\t\t\t\t\t\t<div class=\"premium-bullet-list-text-wrapper\">\n\t\t\t\t\t\t\t\t\t\t<span class=\"premium-bullet-text\" data-text=\"Ingenier\u00eda\"> Ingenier\u00eda <\/span>\t\t\t\t\t\t\t\t\t\t\t\t\t\t\t\t\t\t\t<\/div>\n\t\t\t\t\t\t\t\t<\/div>\n\n\t\t\t\t\t\t\t\t\n\t\t\t\t\t\t\t\t\t\t\t\t\t\t\t\t\t<a class=\"premium-bullet-list-link\" aria-label=\"Ingenier\u00eda\" href=\"https:\/\/strotech.com.co\/en\/servicios-2\/ingenieria\/\">\n\t\t\t\t\t\t\t\t\t\t<span>Ingenier\u00eda<\/span>\n\t\t\t\t\t\t\t\t\t<\/a>\n\t\t\t\t\t\t\t\t\n\t\t\t\t\t\t\t<\/li>\n\n\t\t\t\t\t\t\t\n\t\t\t\t\t\t\t<li class=\"premium-bullet-list-content elementor-repeater-item-239027b\">\n\t\t\t\t\t\t\t\t<div class=\"premium-bullet-list-text\">\n\t\t\t\t\t\t\t\t\t\t\t\t\t\t\t\t\t\t\t<div class=\"premium-bullet-list-wrapper\">\n\t\t\t\t\t\t\t\t\t\t\t\t\t\t\t\t\t\t\t\t\t\t\t\t\t<div class=\"premium-drawable-icon premium-svg-drawer elementor-invisible\" data-svg-reverse=\"\" data-svg-loop=\"true\" data-svg-hover=\"\" data-svg-sync=\"\" data-svg-fill=\"\" data-svg-frames=\"5\" data-svg-yoyo=\"\" data-svg-point=\"0\">\n\t\t\t\t\t\t\t\t\t\t\t\t\t\t<svg aria-hidden='true' xmlns='http:\/\/www.w3.org\/2000\/svg' viewbox='0 0 448 512'><path d=\"M224.3 273l-136 136c-9.4 9.4-24.6 9.4-33.9 0l-22.6-22.6c-9.4-9.4-9.4-24.6 0-33.9l96.4-96.4-96.4-96.4c-9.4-9.4-9.4-24.6 0-33.9L54.3 103c9.4-9.4 24.6-9.4 33.9 0l136 136c9.5 9.4 9.5 24.6.1 34zm192-34l-136-136c-9.4-9.4-24.6-9.4-33.9 0l-22.6 22.6c-9.4 9.4-9.4 24.6 0 33.9l96.4 96.4-96.4 96.4c-9.4 9.4-9.4 24.6 0 33.9l22.6 22.6c9.4 9.4 24.6 9.4 33.9 0l136-136c9.4-9.2 9.4-24.4 0-33.8z\"><\/path><\/svg>\t\t\t\t\t\t\t\t\t\t\t\t\t\t<\/div>\n\t\t\t\t\t\t\t\t\t\t\t\t\t\t\t\t\t\t\t\t\t\t\t\t\t<\/div>\n\t\t\t\t\t\t\t\t\t\n\t\t\t\t\t\t\t\t\t<div class=\"premium-bullet-list-text-wrapper\">\n\t\t\t\t\t\t\t\t\t\t<span class=\"premium-bullet-text\" data-text=\"Reacondicionamiento de Equipos\"> Reacondicionamiento de Equipos <\/span>\t\t\t\t\t\t\t\t\t\t\t\t\t\t\t\t\t\t\t<\/div>\n\t\t\t\t\t\t\t\t<\/div>\n\n\t\t\t\t\t\t\t\t\n\t\t\t\t\t\t\t\t\t\t\t\t\t\t\t\t\t<a class=\"premium-bullet-list-link\" aria-label=\"Reacondicionamiento de Equipos\" href=\"https:\/\/strotech.com.co\/en\/servicios-2\/reacondicionamiento-de-equipos\/\">\n\t\t\t\t\t\t\t\t\t\t<span>Reacondicionamiento de Equipos<\/span>\n\t\t\t\t\t\t\t\t\t<\/a>\n\t\t\t\t\t\t\t\t\n\t\t\t\t\t\t\t<\/li>\n\n\t\t\t\t\t\t\t\n\t\t\t\t\t\t\t<li class=\"premium-bullet-list-content elementor-repeater-item-9c00e42\">\n\t\t\t\t\t\t\t\t<div class=\"premium-bullet-list-text\">\n\t\t\t\t\t\t\t\t\t\t\t\t\t\t\t\t\t\t\t<div class=\"premium-bullet-list-wrapper\">\n\t\t\t\t\t\t\t\t\t\t\t\t\t\t\t\t\t\t\t\t\t\t\t\t\t<div class=\"premium-drawable-icon premium-svg-drawer elementor-invisible\" data-svg-reverse=\"\" data-svg-loop=\"true\" data-svg-hover=\"\" data-svg-sync=\"\" data-svg-fill=\"\" data-svg-frames=\"5\" data-svg-yoyo=\"\" data-svg-point=\"0\">\n\t\t\t\t\t\t\t\t\t\t\t\t\t\t<svg aria-hidden='true' xmlns='http:\/\/www.w3.org\/2000\/svg' viewbox='0 0 448 512'><path d=\"M224.3 273l-136 136c-9.4 9.4-24.6 9.4-33.9 0l-22.6-22.6c-9.4-9.4-9.4-24.6 0-33.9l96.4-96.4-96.4-96.4c-9.4-9.4-9.4-24.6 0-33.9L54.3 103c9.4-9.4 24.6-9.4 33.9 0l136 136c9.5 9.4 9.5 24.6.1 34zm192-34l-136-136c-9.4-9.4-24.6-9.4-33.9 0l-22.6 22.6c-9.4 9.4-9.4 24.6 0 33.9l96.4 96.4-96.4 96.4c-9.4 9.4-9.4 24.6 0 33.9l22.6 22.6c9.4 9.4 24.6 9.4 33.9 0l136-136c9.4-9.2 9.4-24.4 0-33.8z\"><\/path><\/svg>\t\t\t\t\t\t\t\t\t\t\t\t\t\t<\/div>\n\t\t\t\t\t\t\t\t\t\t\t\t\t\t\t\t\t\t\t\t\t\t\t\t\t<\/div>\n\t\t\t\t\t\t\t\t\t\n\t\t\t\t\t\t\t\t\t<div class=\"premium-bullet-list-text-wrapper\">\n\t\t\t\t\t\t\t\t\t\t<span class=\"premium-bullet-text\" data-text=\"Servicios de Taller\"> Servicios de Taller <\/span>\t\t\t\t\t\t\t\t\t\t\t\t\t\t\t\t\t\t\t<\/div>\n\t\t\t\t\t\t\t\t<\/div>\n\n\t\t\t\t\t\t\t\t\n\t\t\t\t\t\t\t\t\t\t\t\t\t\t\t\t\t<a class=\"premium-bullet-list-link\" aria-label=\"Servicios de Taller\" href=\"https:\/\/strotech.com.co\/en\/servicios-2\/servicios-de-taller\/\">\n\t\t\t\t\t\t\t\t\t\t<span>Servicios de Taller<\/span>\n\t\t\t\t\t\t\t\t\t<\/a>\n\t\t\t\t\t\t\t\t\n\t\t\t\t\t\t\t<\/li>\n\n\t\t\t\t\t\t\t\n\t\t\t\t\t\t\t<li class=\"premium-bullet-list-content elementor-repeater-item-bfe3688\">\n\t\t\t\t\t\t\t\t<div class=\"premium-bullet-list-text\">\n\t\t\t\t\t\t\t\t\t\t\t\t\t\t\t\t\t\t\t<div class=\"premium-bullet-list-wrapper\">\n\t\t\t\t\t\t\t\t\t\t\t\t\t\t\t\t\t\t\t\t\t\t\t\t\t<div class=\"premium-drawable-icon premium-svg-drawer elementor-invisible\" data-svg-reverse=\"\" data-svg-loop=\"true\" data-svg-hover=\"\" data-svg-sync=\"\" data-svg-fill=\"\" data-svg-frames=\"5\" data-svg-yoyo=\"\" data-svg-point=\"0\">\n\t\t\t\t\t\t\t\t\t\t\t\t\t\t<svg aria-hidden='true' xmlns='http:\/\/www.w3.org\/2000\/svg' viewbox='0 0 448 512'><path d=\"M224.3 273l-136 136c-9.4 9.4-24.6 9.4-33.9 0l-22.6-22.6c-9.4-9.4-9.4-24.6 0-33.9l96.4-96.4-96.4-96.4c-9.4-9.4-9.4-24.6 0-33.9L54.3 103c9.4-9.4 24.6-9.4 33.9 0l136 136c9.5 9.4 9.5 24.6.1 34zm192-34l-136-136c-9.4-9.4-24.6-9.4-33.9 0l-22.6 22.6c-9.4 9.4-9.4 24.6 0 33.9l96.4 96.4-96.4 96.4c-9.4 9.4-9.4 24.6 0 33.9l22.6 22.6c9.4 9.4 24.6 9.4 33.9 0l136-136c9.4-9.2 9.4-24.4 0-33.8z\"><\/path><\/svg>\t\t\t\t\t\t\t\t\t\t\t\t\t\t<\/div>\n\t\t\t\t\t\t\t\t\t\t\t\t\t\t\t\t\t\t\t\t\t\t\t\t\t<\/div>\n\t\t\t\t\t\t\t\t\t\n\t\t\t\t\t\t\t\t\t<div class=\"premium-bullet-list-text-wrapper\">\n\t\t\t\t\t\t\t\t\t\t<span class=\"premium-bullet-text\" data-text=\"Servicios de Campo\"> Servicios de Campo <\/span>\t\t\t\t\t\t\t\t\t\t\t\t\t\t\t\t\t\t\t<\/div>\n\t\t\t\t\t\t\t\t<\/div>\n\n\t\t\t\t\t\t\t\t\n\t\t\t\t\t\t\t\t\t\t\t\t\t\t\t\t\t<a class=\"premium-bullet-list-link\" aria-label=\"Servicios de Campo\" href=\"https:\/\/strotech.com.co\/en\/servicios-2\/servicios-de-campo\/\">\n\t\t\t\t\t\t\t\t\t\t<span>Servicios de Campo<\/span>\n\t\t\t\t\t\t\t\t\t<\/a>\n\t\t\t\t\t\t\t\t\n\t\t\t\t\t\t\t<\/li>\n\n\t\t\t\t\t\t\t\n\t\t\t\t\t\t\t<li class=\"premium-bullet-list-content elementor-repeater-item-9885f3f\">\n\t\t\t\t\t\t\t\t<div class=\"premium-bullet-list-text\">\n\t\t\t\t\t\t\t\t\t\t\t\t\t\t\t\t\t\t\t<div class=\"premium-bullet-list-wrapper\">\n\t\t\t\t\t\t\t\t\t\t\t\t\t\t\t\t\t\t\t\t\t\t\t\t\t<div class=\"premium-drawable-icon premium-svg-drawer elementor-invisible\" data-svg-reverse=\"\" data-svg-loop=\"true\" data-svg-hover=\"\" data-svg-sync=\"\" data-svg-fill=\"\" data-svg-frames=\"5\" data-svg-yoyo=\"\" data-svg-point=\"0\">\n\t\t\t\t\t\t\t\t\t\t\t\t\t\t<svg aria-hidden='true' xmlns='http:\/\/www.w3.org\/2000\/svg' viewbox='0 0 448 512'><path d=\"M224.3 273l-136 136c-9.4 9.4-24.6 9.4-33.9 0l-22.6-22.6c-9.4-9.4-9.4-24.6 0-33.9l96.4-96.4-96.4-96.4c-9.4-9.4-9.4-24.6 0-33.9L54.3 103c9.4-9.4 24.6-9.4 33.9 0l136 136c9.5 9.4 9.5 24.6.1 34zm192-34l-136-136c-9.4-9.4-24.6-9.4-33.9 0l-22.6 22.6c-9.4 9.4-9.4 24.6 0 33.9l96.4 96.4-96.4 96.4c-9.4 9.4-9.4 24.6 0 33.9l22.6 22.6c9.4 9.4 24.6 9.4 33.9 0l136-136c9.4-9.2 9.4-24.4 0-33.8z\"><\/path><\/svg>\t\t\t\t\t\t\t\t\t\t\t\t\t\t<\/div>\n\t\t\t\t\t\t\t\t\t\t\t\t\t\t\t\t\t\t\t\t\t\t\t\t\t<\/div>\n\t\t\t\t\t\t\t\t\t\n\t\t\t\t\t\t\t\t\t<div class=\"premium-bullet-list-text-wrapper\">\n\t\t\t\t\t\t\t\t\t\t<span class=\"premium-bullet-text\" data-text=\"Aseguramiento de Calidad de Equipos\"> Aseguramiento de Calidad de Equipos <\/span>\t\t\t\t\t\t\t\t\t\t\t\t\t\t\t\t\t\t\t<\/div>\n\t\t\t\t\t\t\t\t<\/div>\n\n\t\t\t\t\t\t\t\t\n\t\t\t\t\t\t\t\t\t\t\t\t\t\t\t\t\t<a class=\"premium-bullet-list-link\" aria-label=\"Aseguramiento de Calidad de Equipos\" href=\"https:\/\/strotech.com.co\/en\/servicios-2\/aseguramiento-de-calidad-de-equipos\/\">\n\t\t\t\t\t\t\t\t\t\t<span>Aseguramiento de Calidad de Equipos<\/span>\n\t\t\t\t\t\t\t\t\t<\/a>\n\t\t\t\t\t\t\t\t\n\t\t\t\t\t\t\t<\/li>\n\n\t\t\t\t\t\t\t\t\t\t<\/ul>\n\t\t\t\t\t\t<\/div>\n\t\t\t\t<\/div>\n\t\t\t\t\t<\/div>\n\t\t<\/div>\n\t\t\t\t<div class=\"elementor-column elementor-col-50 elementor-top-column elementor-element elementor-element-3dcc31e\" data-id=\"3dcc31e\" data-element_type=\"column\" data-e-type=\"column\">\n\t\t\t<div class=\"elementor-widget-wrap elementor-element-populated\">\n\t\t\t\t\t\t<div class=\"elementor-element elementor-element-9ff5a99 elementor-widget elementor-widget-image\" data-id=\"9ff5a99\" data-element_type=\"widget\" data-e-type=\"widget\" data-widget_type=\"image.default\">\n\t\t\t\t<div class=\"elementor-widget-container\">\n\t\t\t\t\t\t\t\t\t\t\t\t\t\t\t<img fetchpriority=\"high\" decoding=\"async\" width=\"1920\" height=\"1080\" src=\"https:\/\/strotech.com.co\/wp-content\/uploads\/2026\/04\/Portafolio-Strotech-SAS.pdf-4.png\" class=\"attachment-full size-full wp-image-3683\" alt=\"\" srcset=\"https:\/\/strotech.com.co\/wp-content\/uploads\/2026\/04\/Portafolio-Strotech-SAS.pdf-4.png 1920w, https:\/\/strotech.com.co\/wp-content\/uploads\/2026\/04\/Portafolio-Strotech-SAS.pdf-4-300x169.png 300w, https:\/\/strotech.com.co\/wp-content\/uploads\/2026\/04\/Portafolio-Strotech-SAS.pdf-4-1024x576.png 1024w, https:\/\/strotech.com.co\/wp-content\/uploads\/2026\/04\/Portafolio-Strotech-SAS.pdf-4-768x432.png 768w, https:\/\/strotech.com.co\/wp-content\/uploads\/2026\/04\/Portafolio-Strotech-SAS.pdf-4-1536x864.png 1536w, https:\/\/strotech.com.co\/wp-content\/uploads\/2026\/04\/Portafolio-Strotech-SAS.pdf-4-18x10.png 18w, https:\/\/strotech.com.co\/wp-content\/uploads\/2026\/04\/Portafolio-Strotech-SAS.pdf-4-1850x1041.png 1850w, https:\/\/strotech.com.co\/wp-content\/uploads\/2026\/04\/Portafolio-Strotech-SAS.pdf-4-24x14.png 24w, https:\/\/strotech.com.co\/wp-content\/uploads\/2026\/04\/Portafolio-Strotech-SAS.pdf-4-36x20.png 36w, https:\/\/strotech.com.co\/wp-content\/uploads\/2026\/04\/Portafolio-Strotech-SAS.pdf-4-48x27.png 48w\" sizes=\"(max-width: 1920px) 100vw, 1920px\" \/>\t\t\t\t\t\t\t\t\t\t\t\t\t\t\t<\/div>\n\t\t\t\t<\/div>\n\t\t\t\t\t<\/div>\n\t\t<\/div>\n\t\t\t\t\t<\/div>\n\t\t<\/section>\n\t\t\t\t<\/div>","protected":false},"excerpt":{"rendered":"<p>SERVICIOS Servicios Conf\u00eda en nuestro soporte t\u00e9cnico integral para mantener tu operaci\u00f3n siempre al m\u00e1ximo [&hellip;]<\/p>\n","protected":false},"author":1,"featured_media":0,"parent":0,"menu_order":0,"comment_status":"closed","ping_status":"closed","template":"elementor_header_footer","meta":{"footnotes":""},"class_list":["post-3472","page","type-page","status-publish","hentry"],"yoast_head":"<!-- This site is optimized with the Yoast SEO plugin v27.3 - https:\/\/yoast.com\/product\/yoast-seo-wordpress\/ -->\n<title>Servicios - Strotech<\/title>\n<meta name=\"robots\" content=\"index, follow, max-snippet:-1, max-image-preview:large, max-video-preview:-1\" \/>\n<link rel=\"canonical\" href=\"https:\/\/strotech.com.co\/en\/servicios-2\/\" \/>\n<meta property=\"og:locale\" content=\"en_US\" \/>\n<meta property=\"og:type\" content=\"article\" \/>\n<meta property=\"og:title\" content=\"Servicios - Strotech\" \/>\n<meta property=\"og:description\" content=\"SERVICIOS Servicios Conf\u00eda en nuestro soporte t\u00e9cnico integral para mantener tu operaci\u00f3n siempre al m\u00e1ximo [&hellip;]\" \/>\n<meta property=\"og:url\" content=\"https:\/\/strotech.com.co\/en\/servicios-2\/\" \/>\n<meta property=\"og:site_name\" content=\"Strotech\" \/>\n<meta property=\"article:modified_time\" content=\"2026-04-27T22:16:40+00:00\" \/>\n<meta property=\"og:image\" content=\"https:\/\/strotech.com.co\/wp-content\/uploads\/2026\/04\/Portafolio-Strotech-SAS.pdf-4.png\" \/>\n<meta name=\"twitter:card\" content=\"summary_large_image\" \/>\n<meta name=\"twitter:label1\" content=\"Est. reading time\" \/>\n\t<meta name=\"twitter:data1\" content=\"1 minute\" \/>\n<script type=\"application\/ld+json\" class=\"yoast-schema-graph\">{\"@context\":\"https:\\\/\\\/schema.org\",\"@graph\":[{\"@type\":\"WebPage\",\"@id\":\"https:\\\/\\\/strotech.com.co\\\/servicios-2\\\/\",\"url\":\"https:\\\/\\\/strotech.com.co\\\/servicios-2\\\/\",\"name\":\"Servicios - Strotech\",\"isPartOf\":{\"@id\":\"https:\\\/\\\/strotech.com.co\\\/#website\"},\"primaryImageOfPage\":{\"@id\":\"https:\\\/\\\/strotech.com.co\\\/servicios-2\\\/#primaryimage\"},\"image\":{\"@id\":\"https:\\\/\\\/strotech.com.co\\\/servicios-2\\\/#primaryimage\"},\"thumbnailUrl\":\"https:\\\/\\\/strotech.com.co\\\/wp-content\\\/uploads\\\/2026\\\/04\\\/Portafolio-Strotech-SAS.pdf-4.png\",\"datePublished\":\"2026-04-09T21:56:48+00:00\",\"dateModified\":\"2026-04-27T22:16:40+00:00\",\"breadcrumb\":{\"@id\":\"https:\\\/\\\/strotech.com.co\\\/servicios-2\\\/#breadcrumb\"},\"inLanguage\":\"en-US\",\"potentialAction\":[{\"@type\":\"ReadAction\",\"target\":[\"https:\\\/\\\/strotech.com.co\\\/servicios-2\\\/\"]}]},{\"@type\":\"ImageObject\",\"inLanguage\":\"en-US\",\"@id\":\"https:\\\/\\\/strotech.com.co\\\/servicios-2\\\/#primaryimage\",\"url\":\"https:\\\/\\\/strotech.com.co\\\/wp-content\\\/uploads\\\/2026\\\/04\\\/Portafolio-Strotech-SAS.pdf-4.png\",\"contentUrl\":\"https:\\\/\\\/strotech.com.co\\\/wp-content\\\/uploads\\\/2026\\\/04\\\/Portafolio-Strotech-SAS.pdf-4.png\"},{\"@type\":\"BreadcrumbList\",\"@id\":\"https:\\\/\\\/strotech.com.co\\\/servicios-2\\\/#breadcrumb\",\"itemListElement\":[{\"@type\":\"ListItem\",\"position\":1,\"name\":\"Home\",\"item\":\"https:\\\/\\\/strotech.com.co\\\/\"},{\"@type\":\"ListItem\",\"position\":2,\"name\":\"Servicios\"}]},{\"@type\":\"WebSite\",\"@id\":\"https:\\\/\\\/strotech.com.co\\\/#website\",\"url\":\"https:\\\/\\\/strotech.com.co\\\/\",\"name\":\"Strotech\",\"description\":\"\",\"publisher\":{\"@id\":\"https:\\\/\\\/strotech.com.co\\\/#organization\"},\"potentialAction\":[{\"@type\":\"SearchAction\",\"target\":{\"@type\":\"EntryPoint\",\"urlTemplate\":\"https:\\\/\\\/strotech.com.co\\\/?s={search_term_string}\"},\"query-input\":{\"@type\":\"PropertyValueSpecification\",\"valueRequired\":true,\"valueName\":\"search_term_string\"}}],\"inLanguage\":\"en-US\"},{\"@type\":\"Organization\",\"@id\":\"https:\\\/\\\/strotech.com.co\\\/#organization\",\"name\":\"Strotech\",\"url\":\"https:\\\/\\\/strotech.com.co\\\/\",\"logo\":{\"@type\":\"ImageObject\",\"inLanguage\":\"en-US\",\"@id\":\"https:\\\/\\\/strotech.com.co\\\/#\\\/schema\\\/logo\\\/image\\\/\",\"url\":\"https:\\\/\\\/strotech.com.co\\\/wp-content\\\/uploads\\\/2021\\\/03\\\/cropped-logo.png\",\"contentUrl\":\"https:\\\/\\\/strotech.com.co\\\/wp-content\\\/uploads\\\/2021\\\/03\\\/cropped-logo.png\",\"width\":200,\"height\":71,\"caption\":\"Strotech\"},\"image\":{\"@id\":\"https:\\\/\\\/strotech.com.co\\\/#\\\/schema\\\/logo\\\/image\\\/\"}}]}<\/script>\n<!-- \/ Yoast SEO plugin. -->","yoast_head_json":{"title":"Servicios - Strotech","robots":{"index":"index","follow":"follow","max-snippet":"max-snippet:-1","max-image-preview":"max-image-preview:large","max-video-preview":"max-video-preview:-1"},"canonical":"https:\/\/strotech.com.co\/en\/servicios-2\/","og_locale":"en_US","og_type":"article","og_title":"Servicios - Strotech","og_description":"SERVICIOS Servicios Conf\u00eda en nuestro soporte t\u00e9cnico integral para mantener tu operaci\u00f3n siempre al m\u00e1ximo [&hellip;]","og_url":"https:\/\/strotech.com.co\/en\/servicios-2\/","og_site_name":"Strotech","article_modified_time":"2026-04-27T22:16:40+00:00","og_image":[{"url":"https:\/\/strotech.com.co\/wp-content\/uploads\/2026\/04\/Portafolio-Strotech-SAS.pdf-4.png","type":"","width":"","height":""}],"twitter_card":"summary_large_image","twitter_misc":{"Est. reading time":"1 minute"},"schema":{"@context":"https:\/\/schema.org","@graph":[{"@type":"WebPage","@id":"https:\/\/strotech.com.co\/servicios-2\/","url":"https:\/\/strotech.com.co\/servicios-2\/","name":"Servicios - Strotech","isPartOf":{"@id":"https:\/\/strotech.com.co\/#website"},"primaryImageOfPage":{"@id":"https:\/\/strotech.com.co\/servicios-2\/#primaryimage"},"image":{"@id":"https:\/\/strotech.com.co\/servicios-2\/#primaryimage"},"thumbnailUrl":"https:\/\/strotech.com.co\/wp-content\/uploads\/2026\/04\/Portafolio-Strotech-SAS.pdf-4.png","datePublished":"2026-04-09T21:56:48+00:00","dateModified":"2026-04-27T22:16:40+00:00","breadcrumb":{"@id":"https:\/\/strotech.com.co\/servicios-2\/#breadcrumb"},"inLanguage":"en-US","potentialAction":[{"@type":"ReadAction","target":["https:\/\/strotech.com.co\/servicios-2\/"]}]},{"@type":"ImageObject","inLanguage":"en-US","@id":"https:\/\/strotech.com.co\/servicios-2\/#primaryimage","url":"https:\/\/strotech.com.co\/wp-content\/uploads\/2026\/04\/Portafolio-Strotech-SAS.pdf-4.png","contentUrl":"https:\/\/strotech.com.co\/wp-content\/uploads\/2026\/04\/Portafolio-Strotech-SAS.pdf-4.png"},{"@type":"BreadcrumbList","@id":"https:\/\/strotech.com.co\/servicios-2\/#breadcrumb","itemListElement":[{"@type":"ListItem","position":1,"name":"Home","item":"https:\/\/strotech.com.co\/"},{"@type":"ListItem","position":2,"name":"Servicios"}]},{"@type":"WebSite","@id":"https:\/\/strotech.com.co\/#website","url":"https:\/\/strotech.com.co\/","name":"Strotech","description":"","publisher":{"@id":"https:\/\/strotech.com.co\/#organization"},"potentialAction":[{"@type":"SearchAction","target":{"@type":"EntryPoint","urlTemplate":"https:\/\/strotech.com.co\/?s={search_term_string}"},"query-input":{"@type":"PropertyValueSpecification","valueRequired":true,"valueName":"search_term_string"}}],"inLanguage":"en-US"},{"@type":"Organization","@id":"https:\/\/strotech.com.co\/#organization","name":"Strotech","url":"https:\/\/strotech.com.co\/","logo":{"@type":"ImageObject","inLanguage":"en-US","@id":"https:\/\/strotech.com.co\/#\/schema\/logo\/image\/","url":"https:\/\/strotech.com.co\/wp-content\/uploads\/2021\/03\/cropped-logo.png","contentUrl":"https:\/\/strotech.com.co\/wp-content\/uploads\/2021\/03\/cropped-logo.png","width":200,"height":71,"caption":"Strotech"},"image":{"@id":"https:\/\/strotech.com.co\/#\/schema\/logo\/image\/"}}]}},"_links":{"self":[{"href":"https:\/\/strotech.com.co\/en\/wp-json\/wp\/v2\/pages\/3472","targetHints":{"allow":["GET"]}}],"collection":[{"href":"https:\/\/strotech.com.co\/en\/wp-json\/wp\/v2\/pages"}],"about":[{"href":"https:\/\/strotech.com.co\/en\/wp-json\/wp\/v2\/types\/page"}],"author":[{"embeddable":true,"href":"https:\/\/strotech.com.co\/en\/wp-json\/wp\/v2\/users\/1"}],"replies":[{"embeddable":true,"href":"https:\/\/strotech.com.co\/en\/wp-json\/wp\/v2\/comments?post=3472"}],"version-history":[{"count":4,"href":"https:\/\/strotech.com.co\/en\/wp-json\/wp\/v2\/pages\/3472\/revisions"}],"predecessor-version":[{"id":3687,"href":"https:\/\/strotech.com.co\/en\/wp-json\/wp\/v2\/pages\/3472\/revisions\/3687"}],"wp:attachment":[{"href":"https:\/\/strotech.com.co\/en\/wp-json\/wp\/v2\/media?parent=3472"}],"curies":[{"name":"wp","href":"https:\/\/api.w.org\/{rel}","templated":true}]}}